{"id":4378,"date":"2025-11-04T11:58:17","date_gmt":"2025-11-04T16:58:17","guid":{"rendered":"https:\/\/sealking.ca\/?page_id=4378"},"modified":"2025-11-04T11:58:17","modified_gmt":"2025-11-04T16:58:17","slug":"montrez-le-transformez-votre-paysage-2","status":"publish","type":"page","link":"https:\/\/sealking.ca\/fr\/montrez-le-transformez-votre-paysage-2\/","title":{"rendered":"Montrez-le ! Transformez votre paysage"},"content":{"rendered":"<div class=\"gb-grid-wrapper gb-grid-wrapper-e6b42728\">\n<div class=\"gb-grid-column gb-grid-column-85fb7f56\"><div class=\"gb-container gb-container-85fb7f56\">\n\n<h2 class=\"gb-headline gb-headline-fe4063cf gb-headline-text\"><strong>Soumettez vos photos de transformation avant et apr\u00e8s votre am\u00e9nagement paysager pour courir la chance de gagner une carte-cadeau Visa de 500 $ !<\/strong><\/h2>\n\n\n\n<p>Soumettez vos photos de transformation avant et apr\u00e8s votre am\u00e9nagement paysager pour avoir une chance de gagner !<\/p>\n\n\n\n<p><strong>Prix :<\/strong> Un heureux gagnant recevra une carte-cadeau Visa de 500 $ !<\/p>\n\n\n\n<p><strong>Pour participer :<\/strong><br>1. Indiquez votre nom, votre num\u00e9ro de t\u00e9l\u00e9phone, votre ville et votre adresse \u00e9lectronique.<br>2. D\u00e9crivez bri\u00e8vement votre transformation.<\/p>\n\n\n\n<p><strong>Conditions de soumission :<\/strong><br> &#8211;<strong> Sp\u00e9cifications des photos :<\/strong> Les photos doivent \u00eatre en haute r\u00e9solution (minimum 2MB) et au format JPEG, PDF ou PNG.<\/p>\n\n\n\n<figure class=\"wp-block-image size-large\"><img decoding=\"async\" width=\"1024\" height=\"1024\" data-src=\"https:\/\/sealking.ca\/wp-content\/uploads\/2024\/06\/Before-and-After-Page-1-1024x1024.webp\" alt=\"\" class=\"wp-image-1937 lazyload\" data-srcset=\"https:\/\/sealking.ca\/wp-content\/uploads\/2024\/06\/Before-and-After-Page-1-1024x1024.webp 1024w, https:\/\/sealking.ca\/wp-content\/uploads\/2024\/06\/Before-and-After-Page-1-300x300.webp 300w, https:\/\/sealking.ca\/wp-content\/uploads\/2024\/06\/Before-and-After-Page-1-150x150.webp 150w, https:\/\/sealking.ca\/wp-content\/uploads\/2024\/06\/Before-and-After-Page-1-768x768.webp 768w, https:\/\/sealking.ca\/wp-content\/uploads\/2024\/06\/Before-and-After-Page-1-1536x1536.webp 1536w, https:\/\/sealking.ca\/wp-content\/uploads\/2024\/06\/Before-and-After-Page-1.webp 2000w\" data-sizes=\"(max-width: 1024px) 100vw, 1024px\" src=\"data:image\/svg+xml;base64,PHN2ZyB3aWR0aD0iMSIgaGVpZ2h0PSIxIiB4bWxucz0iaHR0cDovL3d3dy53My5vcmcvMjAwMC9zdmciPjwvc3ZnPg==\" style=\"--smush-placeholder-width: 1024px; --smush-placeholder-aspect-ratio: 1024\/1024;\" \/><\/figure>\n\n<\/div><\/div>\n\n<div class=\"gb-grid-column gb-grid-column-9c108084\"><div class=\"gb-container gb-container-9c108084\">\n<div class=\"frm_forms  with_frm_style frm_style_formidable-style\" id=\"frm_form_3_container\" >\n<form enctype=\"multipart\/form-data\" method=\"post\" class=\"frm-show-form  frm_pro_form \" id=\"form_show-it-off\" >\n<div class=\"frm_form_fields \">\n<fieldset>\n<legend class=\"frm_screen_reader\">Show It Off<\/legend>\r\n\r\n<div class=\"frm_fields_container\">\n<input type=\"hidden\" name=\"frm_action\" value=\"create\" \/>\n<input type=\"hidden\" name=\"form_id\" value=\"3\" \/>\n<input type=\"hidden\" name=\"frm_hide_fields_3\" id=\"frm_hide_fields_3\" value=\"\" \/>\n<input type=\"hidden\" name=\"form_key\" value=\"show-it-off\" \/>\n<input type=\"hidden\" name=\"item_meta[0]\" value=\"\" \/>\n<input type=\"hidden\" id=\"frm_submit_entry_3\" name=\"frm_submit_entry_3\" value=\"b1601d5137\" \/><input type=\"hidden\" name=\"_wp_http_referer\" value=\"\/fr\/wp-json\/wp\/v2\/pages\/4378\" \/><div id=\"frm_field_24_container\" class=\"frm_form_field form-field  frm_required_field frm_top_container frm_full\">\r\n    <label for=\"field_29yf4d3\" id=\"field_29yf4d3_label\" class=\"frm_primary_label\">Name\r\n        <span class=\"frm_required\" aria-hidden=\"true\">*<\/span>\r\n    <\/label>\r\n    <input  type=\"text\" id=\"field_29yf4d3\" name=\"item_meta[24]\" value=\"\"  data-reqmsg=\"Name cannot be blank.\" aria-required=\"true\" data-invmsg=\"Please enter a valid email address\" aria-invalid=\"false\"   \/>\r\n    \r\n    \r\n<\/div>\n<div id=\"frm_field_25_container\" class=\"frm_form_field form-field  frm_required_field frm_top_container frm_full\">\r\n    <label for=\"field_kv42h3\" id=\"field_kv42h3_label\" class=\"frm_primary_label\">Email\r\n        <span class=\"frm_required\" aria-hidden=\"true\">*<\/span>\r\n    <\/label>\r\n    <input type=\"email\" id=\"field_kv42h3\" name=\"item_meta[25]\" value=\"\"  data-reqmsg=\"Email cannot be blank.\" aria-required=\"true\" data-invmsg=\"Please enter a valid email address\" aria-invalid=\"false\"  \/>\r\n    \r\n    \r\n<\/div>\n<div id=\"frm_field_28_container\" class=\"frm_form_field form-field  frm_top_container frm_full\">\r\n    <label for=\"field_izmlk3\" id=\"field_izmlk3_label\" class=\"frm_primary_label\">Phone Number\r\n        <span class=\"frm_required\" aria-hidden=\"true\"><\/span>\r\n    <\/label>\r\n    <input type=\"tel\" id=\"field_izmlk3\" name=\"item_meta[28]\" value=\"\"  data-invmsg=\"Subject is invalid\" aria-invalid=\"false\" pattern=\"((\\+\\d{1,3}(-|.| )?\\(?\\d\\)?(-| |.)?\\d{1,5})|(\\(?\\d{2,6}\\)?))(-|.| )?(\\d{3,4})(-|.| )?(\\d{4})(( x| ext)\\d{1,5}){0,1}$\"  \/>\r\n    \r\n    \r\n<\/div>\n<div id=\"frm_field_27_container\" class=\"frm_form_field form-field  frm_top_container frm_full\">\r\n    <label for=\"field_xi0ce3\" id=\"field_xi0ce3_label\" class=\"frm_primary_label\">City\r\n        <span class=\"frm_required\" aria-hidden=\"true\"><\/span>\r\n    <\/label>\r\n    <input  type=\"text\" id=\"field_xi0ce3\" name=\"item_meta[27]\" value=\"\"  data-invmsg=\"Subject is invalid\" aria-invalid=\"false\"   \/>\r\n    \r\n    \r\n<\/div>\n<div id=\"frm_field_82_container\" class=\"frm_form_field form-field  frm_top_container frm_full\">\r\n    <label for=\"field_4wjlq\" id=\"field_4wjlq_label\" class=\"frm_primary_label\">Social Media Account Name\r\n        <span class=\"frm_required\" aria-hidden=\"true\"><\/span>\r\n    <\/label>\r\n    <input type=\"tel\" id=\"field_4wjlq\" name=\"item_meta[82]\" value=\"\"  data-invmsg=\"Subject is invalid\" aria-invalid=\"false\" pattern=\"((\\+\\d{1,3}(-|.| )?\\(?\\d\\)?(-| |.)?\\d{1,5})|(\\(?\\d{2,6}\\)?))(-|.| )?(\\d{3,4})(-|.| )?(\\d{4})(( x| ext)\\d{1,5}){0,1}$\"  \/>\r\n    \r\n    \r\n<\/div>\n<div id=\"frm_field_26_container\" class=\"frm_form_field form-field  frm_required_field frm_top_container frm_full\">\r\n    <label for=\"field_e6lis63\" id=\"field_e6lis63_label\" class=\"frm_primary_label\">Location of Purchase\r\n        <span class=\"frm_required\" aria-hidden=\"true\">*<\/span>\r\n    <\/label>\r\n    <input  type=\"text\" id=\"field_e6lis63\" name=\"item_meta[26]\" value=\"\"  data-reqmsg=\"Location of Purchase cannot be blank.\" aria-required=\"true\" data-invmsg=\"Subject is invalid\" aria-invalid=\"false\"   \/>\r\n    \r\n    \r\n<\/div>\n<div id=\"frm_field_68_container\" class=\"frm_form_field form-field  frm_required_field frm_top_container frm_full\">\r\n    <label for=\"field_iq4du\" id=\"field_iq4du_label\" class=\"frm_primary_label\">List of Seal King Products Used\r\n        <span class=\"frm_required\" aria-hidden=\"true\">*<\/span>\r\n    <\/label>\r\n    <input  type=\"text\" id=\"field_iq4du\" name=\"item_meta[68]\" value=\"\"  data-reqmsg=\"List of Seal King Products Used cannot be blank.\" aria-required=\"true\" data-invmsg=\"Subject is invalid\" aria-invalid=\"false\"   \/>\r\n    \r\n    \r\n<\/div>\n<div id=\"frm_field_32_container\" class=\"frm_form_field form-field  frm_required_field frm_top_container\">\r\n\t<label for=\"field_e7c7m\" id=\"field_e7c7m_label\" class=\"frm_primary_label\">File Upload\r\n\t\t<span class=\"frm_required\" aria-hidden=\"true\">*<\/span>\r\n\t<\/label>\r\n\t<input type=\"hidden\"  data-reqmsg=\"File Upload cannot be blank.\" data-invmsg=\"File Upload is invalid\" class=\"auto_width\" aria-invalid=\"false\"   name=\"item_meta[32][]\"  data-reqmsg=\"File Upload cannot be blank.\"  value=\"\" data-frmfile=\"32\" \/>\n\n<div class=\"frm_dropzone frm_multi_upload frm_clearfix\" id=\"file32_dropzone\" role=\"group\" >\n\t<div class=\"fallback\">\n\t\t<input type=\"file\" name=\"file32[]\" id=\"field_e7c7m\"\n\t\t\t data-frmfile=\"32\" multiple=\"multiple\"  data-reqmsg=\"File Upload cannot be blank.\" data-invmsg=\"File Upload is invalid\" class=\"auto_width\" aria-invalid=\"false\"  \t\t\t\/>\n\t\t\t\t<div class=\"frm_clearfix \"><\/div>\n\t<\/div>\n\t<div class=\"dz-message needsclick\">\n\t\t\t\t<svg  viewBox=\"0 0 18 18\" class=\"frmsvg frm-svg-icon\">\n\t<path viewBox=\"0 0 18 18\" fill-rule=\"evenodd\" clip-rule=\"evenodd\" d=\"M8.2 4v8a.8.8 0 001.5 0V4l2.1 2.2A.7.7 0 1013 5L9.5 1.7a.7.7 0 00-1.1 0L5.1 5.2a.8.8 0 001 1l2.1-2zm7.6 4.3c.4 0 .7.3.7.7v6.8c0 .4-.3.7-.8.7H2.3a.8.8 0 01-.8-.8V9A.8.8 0 013 9v6h12V9c0-.4.3-.8.8-.8z\"><\/path>\n<\/svg>\t\t<span class=\"frm_upload_text\"><button type=\"button\" aria-label=\"File Upload. Drop a file here or click to upload. Taille de t\u00e9l\u00e9versement requis\u00a0: 1.5MB - 10MB\">Drop a file here or click to upload<\/button><\/span>\n\t\t<span class=\"frm_compact_text\"><button type=\"button\" aria-label=\"File Upload. Choose File. Taille de t\u00e9l\u00e9versement requis\u00a0: 1.5MB - 10MB\">Choose File<\/button><\/span>\n\t\t<div class=\"frm_small_text\">\n\t\t\t<p>Taille de t\u00e9l\u00e9versement requis\u00a0: 1.5MB &#8211; 10MB<\/p>\n\t\t<\/div>\n\t<\/div>\n<\/div>\n\t\r\n\t\r\n\t\r\n<\/div>\n<div id=\"frm_field_29_container\" class=\"frm_form_field form-field  frm_required_field frm_top_container frm_full\">\r\n    <label for=\"field_9jv0r13\" id=\"field_9jv0r13_label\" class=\"frm_primary_label\">Provide a Description of Your Transformation and a Testimonial! \r\n        <span class=\"frm_required\" aria-hidden=\"true\">*<\/span>\r\n    <\/label>\r\n    <textarea name=\"item_meta[29]\" id=\"field_9jv0r13\" rows=\"5\"  data-reqmsg=\"Provide a Description of Your Transformation and a Testimonial!  cannot be blank.\" aria-required=\"true\" data-invmsg=\"Provide a Description of Your Transformation and a Testimonial!  is invalid\" aria-invalid=\"false\"  ><\/textarea>\r\n    \r\n    \r\n<\/div>\n<div id=\"frm_field_30_container\" class=\"frm_form_field form-field  frm_none_container\">\r\n    <label for=\"g-recaptcha-response\" id=\"field_k1bj13_label\" class=\"frm_primary_label\">Captcha\r\n        <span class=\"frm_required\" aria-hidden=\"true\"><\/span>\r\n    <\/label>\r\n    <div  id=\"field_k1bj13\" class=\"g-recaptcha\" data-sitekey=\"6Lea36ApAAAAAKZUGrUemrQM2Ltb79W44UINDPrC\" data-size=\"invisible\" data-theme=\"light\" data-callback=\"frmAfterRecaptcha\"><\/div>\r\n    \r\n    \r\n<\/div>\n<div id=\"frm_field_31_container\" class=\"frm_form_field form-field \">\r\n\t<div class=\"frm_submit\">\r\n\r\n<button class=\"frm_button_submit frm_final_submit\" type=\"submit\"   formnovalidate=\"formnovalidate\">Submit<\/button>\r\n\r\n\r\n<\/div>\r\n<\/div>\n\t<input type=\"hidden\" name=\"item_key\" value=\"\" \/>\n\t\t\t<div id=\"frm_field_102_container\">\n\t\t\t<label for=\"field_i9zi5\" >\n\t\t\t\tSi vous \u00eates un humain, ne remplissez pas ce champ.\t\t\t<\/label>\n\t\t\t<input  id=\"field_i9zi5\" type=\"text\" class=\"frm_form_field form-field frm_verify\" name=\"item_meta[102]\" value=\"\"  \/>\n\t\t<\/div>\n\t\t<input name=\"frm_state\" type=\"hidden\" value=\"OZgsmiAjCIizt7qtvPRch9GIA8bs899WJUjne5GppBgvnPDPFDwDTX3iYmhlnGpY\" \/><\/div>\n<\/fieldset>\n<\/div>\n\n<\/form>\n<\/div>\n\n\n\n<h3 class=\"wp-block-heading\"><strong>D\u00e9tails suppl\u00e9mentaires :<\/strong><\/h3>\n\n\n\n<p><strong>&#8211; Admissibilit\u00e9 :<\/strong> Le concours est ouvert aux r\u00e9sidents de l&rsquo;Ontario seulement.<br><br><strong>&#8211; Limite de soumission :<\/strong> <strong>Vous pouvez soumettre autant de photos &lsquo;avant et apr\u00e8s&rsquo; que vous le souhaitez pour participer au concours. Chaque ensemble de photos sera consid\u00e9r\u00e9 comme une participation distincte. <\/strong>Par exemple, un garage, un patio et une all\u00e9e seront consid\u00e9r\u00e9s comme trois entr\u00e9es.<br><br><strong>&#8211; Utilisation des photos :<\/strong> En participant au concours, vous acceptez que Seal King utilise vos photos \u00e0 des fins de marketing et de promotion.<br><br><strong>&#8211; Notification :<\/strong> Les finalistes seront inform\u00e9s par t\u00e9l\u00e9phone. Si vous \u00eates s\u00e9lectionn\u00e9(e) comme finaliste, vous pourrez \u00eatre amen\u00e9(e) \u00e0 fournir des informations suppl\u00e9mentaires \u00e0 des fins de v\u00e9rification.<\/p>\n\n<\/div><\/div>\n<\/div>\n\n<div class=\"gb-container gb-container-4efafe10\">\n<div class=\"gb-container gb-container-046141c9\">\n\n<h3 class=\"gb-headline gb-headline-d9f671b0 gb-headline-text\"><strong>Clause de non-responsabilit\u00e9 g\u00e9n\u00e9rale du concours :<\/strong><\/h3>\n\n\n\n<p><strong>&#8211; P\u00e9riode du concours :<\/strong> Le concours se d\u00e9roule du 1er juillet 2024 au 30 septembre 2024 \u00e0 23h59. Les candidatures soumises apr\u00e8s cette p\u00e9riode ne seront pas prises en compte.<br><br><strong>&#8211; Crit\u00e8res d&rsquo;\u00e9valuation :<\/strong> Les candidatures seront jug\u00e9es en fonction de l&rsquo;impact visuel de la transformation, de la cr\u00e9ativit\u00e9 et de l&rsquo;efficacit\u00e9 des produits Seal King.<br><br><strong>&#8211; S\u00e9lection du gagnant :<\/strong> Le gagnant sera s\u00e9lectionn\u00e9 par un jury et inform\u00e9 avant le 1er octobre.<br><br><strong>&#8211; Annonce du gagnant :<\/strong> Le gagnant sera annonc\u00e9 publiquement sur nos canaux de m\u00e9dias sociaux le 4 octobre 2024.<\/p>\n\n<\/div>\n<\/div>\n\n<div class=\"gb-container gb-container-6a05e8f4\">\n\n<p style=\"font-size:12px\">En <strong>petits caract\u00e8res :<\/strong><br>&#8211; D\u00e9charge de responsabilit\u00e9 en mati\u00e8re de<strong> publicit\u00e9 :<\/strong> En participant au concours, le gagnant autorise l\u2019utilisation de ses photos par Seal King \u00e0 des fins promotionnelles dans tous m\u00e9dias, sans r\u00e9mun\u00e9ration ni contrepartie suppl\u00e9mentaire.<br>&#8211;<strong> D\u00e9charge de responsabilit\u00e9 :<\/strong> En participant, vous lib\u00e9rez Seal King ainsi que ses partenaires, affili\u00e9s, filiales et leurs agences de publicit\u00e9, ainsi que leurs employ\u00e9s, dirigeants et administrateurs, de toute responsabilit\u00e9 li\u00e9e au concours.<br>&#8211;<strong> Disqualification :<\/strong> Seal King se r\u00e9serve le droit de disqualifier toute participation incompl\u00e8te ou ne respectant pas le r\u00e8glement du concours.<br>&#8211;<strong> Aucun achat n\u00e9cessaire.<\/strong><\/p>\n\n\n\n<p style=\"font-size:12px\"><strong>Politique de confidentialit\u00e9 :<\/strong><br>&#8211; Vos informations resteront confidentielles et ne seront utilis\u00e9es que dans le cadre de ce concours.<\/p>\n\n<\/div>\n\n<div class=\"gb-container gb-container-1b2a0b1d\">\n\n<h2 class=\"wp-block-heading\"><br><strong>Contactez nous :<\/strong><\/h2>\n\n\n\n<p>Pour toute question ou information compl\u00e9mentaire, veuillez nous contacter \u00e0 l&rsquo;adresse <strong>info@sealking.com<\/strong> ou appeler le <strong><a href=\"tel:+18339937325\">1-833-993-7325<\/a><\/strong>.<\/p>\n\n\n\n<p>Nous sommes impatients de voir vos incroyables transformations ! Montrez votre r\u00e9ussite et saisissez votre chance d\u2019\u00eatre r\u00e9compens\u00e9 &#8211; cela pourrait \u00eatre vous ou quelqu&rsquo;un de votre voisinage !<\/p>\n\n\n\n<p>Bonne chance,<br><strong>L\u2019\u00e9quipe Seal King<\/strong><br><\/p>\n\n<\/div>","protected":false},"excerpt":{"rendered":"<p>Clause de non-responsabilit\u00e9 g\u00e9n\u00e9rale du concours : &#8211; P\u00e9riode du concours : Le concours se d\u00e9roule du 1er juillet 2024 au 30 septembre 2024 \u00e0 23h59. Les candidatures soumises apr\u00e8s cette p\u00e9riode ne seront pas prises en compte. &#8211; Crit\u00e8res d&rsquo;\u00e9valuation : Les candidatures seront jug\u00e9es en fonction de l&rsquo;impact visuel de la transformation, de &#8230; <\/p>\n<p class=\"read-more-container\"><a title=\"Montrez-le ! Transformez votre paysage\" class=\"read-more button\" href=\"https:\/\/sealking.ca\/fr\/montrez-le-transformez-votre-paysage-2\/#more-4378\" aria-label=\"En savoir plus sur Montrez-le ! Transformez votre paysage\">Continue<\/a><\/p>\n","protected":false},"author":1,"featured_media":4371,"parent":0,"menu_order":0,"comment_status":"closed","ping_status":"closed","template":"","meta":{"_acf_changed":false,"footnotes":""},"class_list":{"0":"post-4378","1":"page","2":"type-page","3":"status-publish","4":"has-post-thumbnail","6":"infinite-scroll-item","7":"no-featured-image-padding"},"acf":[],"yoast_head":"<!-- This site is optimized with the Yoast SEO plugin v27.3 - https:\/\/yoast.com\/product\/yoast-seo-wordpress\/ -->\n<title>Montrez-le ! Transformez votre paysage - Seal King<\/title>\n<meta name=\"robots\" content=\"noindex, nofollow\" \/>\n<meta property=\"og:locale\" content=\"fr_FR\" \/>\n<meta property=\"og:type\" content=\"article\" \/>\n<meta property=\"og:title\" content=\"Montrez-le ! Transformez votre paysage - Seal King\" \/>\n<meta property=\"og:description\" content=\"Clause de non-responsabilit\u00e9 g\u00e9n\u00e9rale du concours : &#8211; P\u00e9riode du concours : Le concours se d\u00e9roule du 1er juillet 2024 au 30 septembre 2024 \u00e0 23h59. Les candidatures soumises apr\u00e8s cette p\u00e9riode ne seront pas prises en compte. &#8211; Crit\u00e8res d&rsquo;\u00e9valuation : Les candidatures seront jug\u00e9es en fonction de l&rsquo;impact visuel de la transformation, de ... Continue\" \/>\n<meta property=\"og:url\" content=\"https:\/\/sealking.ca\/fr\/montrez-le-transformez-votre-paysage-2\/\" \/>\n<meta property=\"og:site_name\" content=\"Seal King\" \/>\n<meta property=\"article:publisher\" content=\"https:\/\/www.facebook.com\/SealKingInc\" \/>\n<meta property=\"og:image\" content=\"https:\/\/sealking.ca\/wp-content\/uploads\/2025\/10\/Before-and-After-Banner-for-2026-scaled-e1761935643430.png\" \/>\n\t<meta property=\"og:image:width\" content=\"2560\" \/>\n\t<meta property=\"og:image:height\" content=\"1250\" \/>\n\t<meta property=\"og:image:type\" content=\"image\/png\" \/>\n<meta name=\"twitter:card\" content=\"summary_large_image\" \/>\n<meta name=\"twitter:site\" content=\"@SealKingInc\" \/>\n<meta name=\"twitter:label1\" content=\"Dur\u00e9e de lecture estim\u00e9e\" \/>\n\t<meta name=\"twitter:data1\" content=\"3 minutes\" \/>\n<script type=\"application\/ld+json\" class=\"yoast-schema-graph\">{\"@context\":\"https:\\\/\\\/schema.org\",\"@graph\":[{\"@type\":\"WebPage\",\"@id\":\"https:\\\/\\\/sealking.ca\\\/fr\\\/montrez-le-transformez-votre-paysage-2\\\/\",\"url\":\"https:\\\/\\\/sealking.ca\\\/fr\\\/montrez-le-transformez-votre-paysage-2\\\/\",\"name\":\"Montrez-le ! Transformez votre paysage - Seal King\",\"isPartOf\":{\"@id\":\"https:\\\/\\\/sealking.ca\\\/fr\\\/#website\"},\"primaryImageOfPage\":{\"@id\":\"https:\\\/\\\/sealking.ca\\\/fr\\\/montrez-le-transformez-votre-paysage-2\\\/#primaryimage\"},\"image\":{\"@id\":\"https:\\\/\\\/sealking.ca\\\/fr\\\/montrez-le-transformez-votre-paysage-2\\\/#primaryimage\"},\"thumbnailUrl\":\"https:\\\/\\\/sealking.ca\\\/wp-content\\\/uploads\\\/2025\\\/10\\\/Before-and-After-Banner-for-2026-scaled-e1761935643430.png\",\"datePublished\":\"2025-11-04T16:58:17+00:00\",\"breadcrumb\":{\"@id\":\"https:\\\/\\\/sealking.ca\\\/fr\\\/montrez-le-transformez-votre-paysage-2\\\/#breadcrumb\"},\"inLanguage\":\"fr-FR\",\"potentialAction\":[{\"@type\":\"ReadAction\",\"target\":[\"https:\\\/\\\/sealking.ca\\\/fr\\\/montrez-le-transformez-votre-paysage-2\\\/\"]}]},{\"@type\":\"ImageObject\",\"inLanguage\":\"fr-FR\",\"@id\":\"https:\\\/\\\/sealking.ca\\\/fr\\\/montrez-le-transformez-votre-paysage-2\\\/#primaryimage\",\"url\":\"https:\\\/\\\/sealking.ca\\\/wp-content\\\/uploads\\\/2025\\\/10\\\/Before-and-After-Banner-for-2026-scaled-e1761935643430.png\",\"contentUrl\":\"https:\\\/\\\/sealking.ca\\\/wp-content\\\/uploads\\\/2025\\\/10\\\/Before-and-After-Banner-for-2026-scaled-e1761935643430.png\",\"width\":2560,\"height\":1250},{\"@type\":\"BreadcrumbList\",\"@id\":\"https:\\\/\\\/sealking.ca\\\/fr\\\/montrez-le-transformez-votre-paysage-2\\\/#breadcrumb\",\"itemListElement\":[{\"@type\":\"ListItem\",\"position\":1,\"name\":\"Home\",\"item\":\"https:\\\/\\\/sealking.ca\\\/fr\\\/\"},{\"@type\":\"ListItem\",\"position\":2,\"name\":\"Montrez-le ! Transformez votre paysage\"}]},{\"@type\":\"WebSite\",\"@id\":\"https:\\\/\\\/sealking.ca\\\/fr\\\/#website\",\"url\":\"https:\\\/\\\/sealking.ca\\\/fr\\\/\",\"name\":\"Seal King\",\"description\":\"Manufacturer of Paving Stone Sealer, Natural Stone Sealer, Concrete Sealer, Impressed Concrete Sealer, Asphalt Sealer, Wood Sealer, and Surface Cleaners.\",\"publisher\":{\"@id\":\"https:\\\/\\\/sealking.ca\\\/fr\\\/#organization\"},\"potentialAction\":[{\"@type\":\"SearchAction\",\"target\":{\"@type\":\"EntryPoint\",\"urlTemplate\":\"https:\\\/\\\/sealking.ca\\\/fr\\\/?s={search_term_string}\"},\"query-input\":{\"@type\":\"PropertyValueSpecification\",\"valueRequired\":true,\"valueName\":\"search_term_string\"}}],\"inLanguage\":\"fr-FR\"},{\"@type\":\"Organization\",\"@id\":\"https:\\\/\\\/sealking.ca\\\/fr\\\/#organization\",\"name\":\"Seal King\",\"url\":\"https:\\\/\\\/sealking.ca\\\/fr\\\/\",\"logo\":{\"@type\":\"ImageObject\",\"inLanguage\":\"fr-FR\",\"@id\":\"https:\\\/\\\/sealking.ca\\\/fr\\\/#\\\/schema\\\/logo\\\/image\\\/\",\"url\":\"https:\\\/\\\/sealking.ca\\\/wp-content\\\/uploads\\\/2022\\\/07\\\/sealking-logo.png\",\"contentUrl\":\"https:\\\/\\\/sealking.ca\\\/wp-content\\\/uploads\\\/2022\\\/07\\\/sealking-logo.png\",\"width\":326,\"height\":114,\"caption\":\"Seal King\"},\"image\":{\"@id\":\"https:\\\/\\\/sealking.ca\\\/fr\\\/#\\\/schema\\\/logo\\\/image\\\/\"},\"sameAs\":[\"https:\\\/\\\/www.facebook.com\\\/SealKingInc\",\"https:\\\/\\\/x.com\\\/SealKingInc\"]}]}<\/script>\n<!-- \/ Yoast SEO plugin. -->","yoast_head_json":{"title":"Montrez-le ! Transformez votre paysage - Seal King","robots":{"index":"noindex","follow":"nofollow"},"og_locale":"fr_FR","og_type":"article","og_title":"Montrez-le ! Transformez votre paysage - Seal King","og_description":"Clause de non-responsabilit\u00e9 g\u00e9n\u00e9rale du concours : &#8211; P\u00e9riode du concours : Le concours se d\u00e9roule du 1er juillet 2024 au 30 septembre 2024 \u00e0 23h59. Les candidatures soumises apr\u00e8s cette p\u00e9riode ne seront pas prises en compte. &#8211; Crit\u00e8res d&rsquo;\u00e9valuation : Les candidatures seront jug\u00e9es en fonction de l&rsquo;impact visuel de la transformation, de ... Continue","og_url":"https:\/\/sealking.ca\/fr\/montrez-le-transformez-votre-paysage-2\/","og_site_name":"Seal King","article_publisher":"https:\/\/www.facebook.com\/SealKingInc","og_image":[{"width":2560,"height":1250,"url":"https:\/\/sealking.ca\/wp-content\/uploads\/2025\/10\/Before-and-After-Banner-for-2026-scaled-e1761935643430.png","type":"image\/png"}],"twitter_card":"summary_large_image","twitter_site":"@SealKingInc","twitter_misc":{"Dur\u00e9e de lecture estim\u00e9e":"3 minutes"},"schema":{"@context":"https:\/\/schema.org","@graph":[{"@type":"WebPage","@id":"https:\/\/sealking.ca\/fr\/montrez-le-transformez-votre-paysage-2\/","url":"https:\/\/sealking.ca\/fr\/montrez-le-transformez-votre-paysage-2\/","name":"Montrez-le ! Transformez votre paysage - Seal King","isPartOf":{"@id":"https:\/\/sealking.ca\/fr\/#website"},"primaryImageOfPage":{"@id":"https:\/\/sealking.ca\/fr\/montrez-le-transformez-votre-paysage-2\/#primaryimage"},"image":{"@id":"https:\/\/sealking.ca\/fr\/montrez-le-transformez-votre-paysage-2\/#primaryimage"},"thumbnailUrl":"https:\/\/sealking.ca\/wp-content\/uploads\/2025\/10\/Before-and-After-Banner-for-2026-scaled-e1761935643430.png","datePublished":"2025-11-04T16:58:17+00:00","breadcrumb":{"@id":"https:\/\/sealking.ca\/fr\/montrez-le-transformez-votre-paysage-2\/#breadcrumb"},"inLanguage":"fr-FR","potentialAction":[{"@type":"ReadAction","target":["https:\/\/sealking.ca\/fr\/montrez-le-transformez-votre-paysage-2\/"]}]},{"@type":"ImageObject","inLanguage":"fr-FR","@id":"https:\/\/sealking.ca\/fr\/montrez-le-transformez-votre-paysage-2\/#primaryimage","url":"https:\/\/sealking.ca\/wp-content\/uploads\/2025\/10\/Before-and-After-Banner-for-2026-scaled-e1761935643430.png","contentUrl":"https:\/\/sealking.ca\/wp-content\/uploads\/2025\/10\/Before-and-After-Banner-for-2026-scaled-e1761935643430.png","width":2560,"height":1250},{"@type":"BreadcrumbList","@id":"https:\/\/sealking.ca\/fr\/montrez-le-transformez-votre-paysage-2\/#breadcrumb","itemListElement":[{"@type":"ListItem","position":1,"name":"Home","item":"https:\/\/sealking.ca\/fr\/"},{"@type":"ListItem","position":2,"name":"Montrez-le ! Transformez votre paysage"}]},{"@type":"WebSite","@id":"https:\/\/sealking.ca\/fr\/#website","url":"https:\/\/sealking.ca\/fr\/","name":"Seal King","description":"Manufacturer of Paving Stone Sealer, Natural Stone Sealer, Concrete Sealer, Impressed Concrete Sealer, Asphalt Sealer, Wood Sealer, and Surface Cleaners.","publisher":{"@id":"https:\/\/sealking.ca\/fr\/#organization"},"potentialAction":[{"@type":"SearchAction","target":{"@type":"EntryPoint","urlTemplate":"https:\/\/sealking.ca\/fr\/?s={search_term_string}"},"query-input":{"@type":"PropertyValueSpecification","valueRequired":true,"valueName":"search_term_string"}}],"inLanguage":"fr-FR"},{"@type":"Organization","@id":"https:\/\/sealking.ca\/fr\/#organization","name":"Seal King","url":"https:\/\/sealking.ca\/fr\/","logo":{"@type":"ImageObject","inLanguage":"fr-FR","@id":"https:\/\/sealking.ca\/fr\/#\/schema\/logo\/image\/","url":"https:\/\/sealking.ca\/wp-content\/uploads\/2022\/07\/sealking-logo.png","contentUrl":"https:\/\/sealking.ca\/wp-content\/uploads\/2022\/07\/sealking-logo.png","width":326,"height":114,"caption":"Seal King"},"image":{"@id":"https:\/\/sealking.ca\/fr\/#\/schema\/logo\/image\/"},"sameAs":["https:\/\/www.facebook.com\/SealKingInc","https:\/\/x.com\/SealKingInc"]}]}},"_links":{"self":[{"href":"https:\/\/sealking.ca\/fr\/wp-json\/wp\/v2\/pages\/4378","targetHints":{"allow":["GET"]}}],"collection":[{"href":"https:\/\/sealking.ca\/fr\/wp-json\/wp\/v2\/pages"}],"about":[{"href":"https:\/\/sealking.ca\/fr\/wp-json\/wp\/v2\/types\/page"}],"author":[{"embeddable":true,"href":"https:\/\/sealking.ca\/fr\/wp-json\/wp\/v2\/users\/1"}],"replies":[{"embeddable":true,"href":"https:\/\/sealking.ca\/fr\/wp-json\/wp\/v2\/comments?post=4378"}],"version-history":[{"count":0,"href":"https:\/\/sealking.ca\/fr\/wp-json\/wp\/v2\/pages\/4378\/revisions"}],"wp:featuredmedia":[{"embeddable":true,"href":"https:\/\/sealking.ca\/fr\/wp-json\/wp\/v2\/media\/4371"}],"wp:attachment":[{"href":"https:\/\/sealking.ca\/fr\/wp-json\/wp\/v2\/media?parent=4378"}],"curies":[{"name":"wp","href":"https:\/\/api.w.org\/{rel}","templated":true}]}}