{"id":2425,"date":"2022-09-21T22:48:19","date_gmt":"2022-09-22T02:48:19","guid":{"rendered":"https:\/\/sealking.ca\/contracteurs-approuves\/"},"modified":"2024-08-13T18:46:36","modified_gmt":"2024-08-13T22:46:36","slug":"contracteurs-approuves","status":"publish","type":"page","link":"https:\/\/sealking.ca\/fr\/contracteurs-approuves\/","title":{"rendered":"CONTRACTEURS approuv\u00e9s"},"content":{"rendered":"\n<p>*Par courtoisie \u00e0 nos clients, nous avons compil\u00e9 une liste d&rsquo;applicateurs approuv\u00e9s qui sont exp\u00e9riment\u00e9s, et ont les comp\u00e9tences les mieux adapt\u00e9es pour appliquer la <a href=\"https:\/\/sealking.ca\/fr\/products\/produits-de-protection-du-paving-stone\/\">pierre de Paving<\/a>, <a href=\"https:\/\/sealking.ca\/fr\/products\/produits-naturels-de-protection-de-la-pierre\/\">la pierre naturelle<\/a>, <a href=\"https:\/\/sealking.ca\/fr\/products\/produits-de-protection-du-beton\/\">le b\u00e9ton<\/a>, <a href=\"https:\/\/sealking.ca\/fr\/products\/produits-de-protection-de-lasphalte\/\">l&rsquo;asphalte<\/a> et les scelleurs de <a href=\"https:\/\/sealking.ca\/fr\/products\/produits-de-protection-du-bois\/\">bois<\/a>. Seal King vous recommande vivement de prendre les mesures n\u00e9cessaires pour \u00e9valuer chaque fournisseur et de vous assurer que le contracteur choisi poss\u00e8de plusieurs ann\u00e9es d&rsquo;exp\u00e9rience et peut fournir des r\u00e9f\u00e9rences. <\/p>\n\n<hr class=\"wp-block-separator has-text-color has-accent-color has-alpha-channel-opacity has-accent-background-color has-background\"\/>\n\n<div class=\"wp-block-columns is-layout-flex wp-container-core-columns-is-layout-9d6595d7 wp-block-columns-is-layout-flex\">\n<div class=\"wp-block-column is-layout-flow wp-block-column-is-layout-flow\">\n<h2 class=\"wp-block-heading has-text-align-center\">VAUGHAN: <\/h2>\n\n\n\n<p class=\"has-text-align-center\">Imperial Sealing <br\/><a href=\"tel:416-525-7077\">416-525-7077<\/a><br\/><a href=\"http:\/\/www.imperialsealing.ca\/\" target=\"_blank\" rel=\"noreferrer noopener\">www.imperialsealing.ca<\/a><\/p>\n<\/div>\n\n\n\n<div class=\"wp-block-column is-layout-flow wp-block-column-is-layout-flow\">\n<h2 class=\"wp-block-heading has-text-align-center\">VAUGHAN TORONTO:<\/h2>\n\n\n\n<p class=\"has-text-align-center\">Master Sealer Property Services<br\/><a href=\"tel:416-450-1157\">416-450-1157<\/a><br\/><a href=\"tel:%20905-850-8955\">905-850-8955<\/a><br\/><a href=\"https:\/\/www.mastersealer.com\/\">www.mastersealer.com<\/a><br\/>* Servir Vaughan, Toronto et la GTA \u00e0 75 km<\/p>\n<\/div>\n\n\n\n<div class=\"wp-block-column is-layout-flow wp-block-column-is-layout-flow\">\n<h2 class=\"wp-block-heading has-text-align-center\">OAKVILLE, MISSISSAUGA, BRAMPTON MILTON: <\/h2>\n\n\n\n<p class=\"has-text-align-center\">Steve Kamber Associates <br\/><a href=\"tel:437-427-7750\">437-427-7750<\/a><\/p>\n<\/div>\n<\/div>\n\n<p>*Seal King d\u00e9cline toute responsabilit\u00e9 quant \u00e0 la fourniture de ces informations.<\/p>\n","protected":false},"excerpt":{"rendered":"<p>*Par courtoisie \u00e0 nos clients, nous avons compil\u00e9 une liste d&rsquo;applicateurs approuv\u00e9s qui sont exp\u00e9riment\u00e9s, et ont les comp\u00e9tences les mieux adapt\u00e9es pour appliquer la pierre de Paving, la pierre naturelle, le b\u00e9ton, l&rsquo;asphalte et les scelleurs de bois. Seal King vous recommande vivement de prendre les mesures n\u00e9cessaires pour \u00e9valuer chaque fournisseur et de &#8230; <\/p>\n<p class=\"read-more-container\"><a title=\"CONTRACTEURS approuv\u00e9s\" class=\"read-more button\" href=\"https:\/\/sealking.ca\/fr\/contracteurs-approuves\/#more-2425\" aria-label=\"En savoir plus sur CONTRACTEURS approuv\u00e9s\">Continue<\/a><\/p>\n","protected":false},"author":1,"featured_media":2292,"parent":0,"menu_order":0,"comment_status":"closed","ping_status":"closed","template":"","meta":{"_acf_changed":false,"footnotes":""},"class_list":{"0":"post-2425","1":"page","2":"type-page","3":"status-publish","4":"has-post-thumbnail","6":"infinite-scroll-item","7":"no-featured-image-padding"},"acf":[],"yoast_head":"<!-- This site is optimized with the Yoast SEO plugin v27.3 - https:\/\/yoast.com\/product\/yoast-seo-wordpress\/ -->\n<title>CONTRACTEURS approuv\u00e9s - Seal King<\/title>\n<meta name=\"robots\" content=\"index, follow, max-snippet:-1, max-image-preview:large, max-video-preview:-1\" \/>\n<link rel=\"canonical\" href=\"https:\/\/sealking.ca\/fr\/contracteurs-approuves\/\" \/>\n<meta property=\"og:locale\" content=\"fr_FR\" \/>\n<meta property=\"og:type\" content=\"article\" \/>\n<meta property=\"og:title\" content=\"CONTRACTEURS approuv\u00e9s - Seal King\" \/>\n<meta property=\"og:description\" content=\"*Par courtoisie \u00e0 nos clients, nous avons compil\u00e9 une liste d&rsquo;applicateurs approuv\u00e9s qui sont exp\u00e9riment\u00e9s, et ont les comp\u00e9tences les mieux adapt\u00e9es pour appliquer la pierre de Paving, la pierre naturelle, le b\u00e9ton, l&rsquo;asphalte et les scelleurs de bois. Seal King vous recommande vivement de prendre les mesures n\u00e9cessaires pour \u00e9valuer chaque fournisseur et de ... Continue\" \/>\n<meta property=\"og:url\" content=\"https:\/\/sealking.ca\/fr\/contracteurs-approuves\/\" \/>\n<meta property=\"og:site_name\" content=\"Seal King\" \/>\n<meta property=\"article:publisher\" content=\"https:\/\/www.facebook.com\/SealKingInc\" \/>\n<meta property=\"article:modified_time\" content=\"2024-08-13T22:46:36+00:00\" \/>\n<meta property=\"og:image\" content=\"https:\/\/sealking.livetesting.ca\/wp-content\/uploads\/2023\/08\/Product-Page-2.jpg\" \/>\n\t<meta property=\"og:image:width\" content=\"2432\" \/>\n\t<meta property=\"og:image:height\" content=\"938\" \/>\n\t<meta property=\"og:image:type\" content=\"image\/jpeg\" \/>\n<meta name=\"twitter:card\" content=\"summary_large_image\" \/>\n<meta name=\"twitter:site\" content=\"@SealKingInc\" \/>\n<meta name=\"twitter:label1\" content=\"Dur\u00e9e de lecture estim\u00e9e\" \/>\n\t<meta name=\"twitter:data1\" content=\"1 minute\" \/>\n<script type=\"application\/ld+json\" class=\"yoast-schema-graph\">{\"@context\":\"https:\\\/\\\/schema.org\",\"@graph\":[{\"@type\":\"WebPage\",\"@id\":\"https:\\\/\\\/sealking.ca\\\/fr\\\/contracteurs-approuves\\\/\",\"url\":\"https:\\\/\\\/sealking.ca\\\/fr\\\/contracteurs-approuves\\\/\",\"name\":\"CONTRACTEURS approuv\u00e9s - Seal King\",\"isPartOf\":{\"@id\":\"https:\\\/\\\/sealking.ca\\\/fr\\\/#website\"},\"primaryImageOfPage\":{\"@id\":\"https:\\\/\\\/sealking.ca\\\/fr\\\/contracteurs-approuves\\\/#primaryimage\"},\"image\":{\"@id\":\"https:\\\/\\\/sealking.ca\\\/fr\\\/contracteurs-approuves\\\/#primaryimage\"},\"thumbnailUrl\":\"https:\\\/\\\/sealking.ca\\\/wp-content\\\/uploads\\\/2023\\\/08\\\/Product-Page-2.jpg\",\"datePublished\":\"2022-09-22T02:48:19+00:00\",\"dateModified\":\"2024-08-13T22:46:36+00:00\",\"breadcrumb\":{\"@id\":\"https:\\\/\\\/sealking.ca\\\/fr\\\/contracteurs-approuves\\\/#breadcrumb\"},\"inLanguage\":\"fr-FR\",\"potentialAction\":[{\"@type\":\"ReadAction\",\"target\":[\"https:\\\/\\\/sealking.ca\\\/fr\\\/contracteurs-approuves\\\/\"]}]},{\"@type\":\"ImageObject\",\"inLanguage\":\"fr-FR\",\"@id\":\"https:\\\/\\\/sealking.ca\\\/fr\\\/contracteurs-approuves\\\/#primaryimage\",\"url\":\"https:\\\/\\\/sealking.ca\\\/wp-content\\\/uploads\\\/2023\\\/08\\\/Product-Page-2.jpg\",\"contentUrl\":\"https:\\\/\\\/sealking.ca\\\/wp-content\\\/uploads\\\/2023\\\/08\\\/Product-Page-2.jpg\",\"width\":2432,\"height\":938},{\"@type\":\"BreadcrumbList\",\"@id\":\"https:\\\/\\\/sealking.ca\\\/fr\\\/contracteurs-approuves\\\/#breadcrumb\",\"itemListElement\":[{\"@type\":\"ListItem\",\"position\":1,\"name\":\"Home\",\"item\":\"https:\\\/\\\/sealking.ca\\\/fr\\\/\"},{\"@type\":\"ListItem\",\"position\":2,\"name\":\"CONTRACTEURS approuv\u00e9s\"}]},{\"@type\":\"WebSite\",\"@id\":\"https:\\\/\\\/sealking.ca\\\/fr\\\/#website\",\"url\":\"https:\\\/\\\/sealking.ca\\\/fr\\\/\",\"name\":\"Seal King\",\"description\":\"Manufacturer of Paving Stone Sealer, Natural Stone Sealer, Concrete Sealer, Impressed Concrete Sealer, Asphalt Sealer, Wood Sealer, and Surface Cleaners.\",\"publisher\":{\"@id\":\"https:\\\/\\\/sealking.ca\\\/fr\\\/#organization\"},\"potentialAction\":[{\"@type\":\"SearchAction\",\"target\":{\"@type\":\"EntryPoint\",\"urlTemplate\":\"https:\\\/\\\/sealking.ca\\\/fr\\\/?s={search_term_string}\"},\"query-input\":{\"@type\":\"PropertyValueSpecification\",\"valueRequired\":true,\"valueName\":\"search_term_string\"}}],\"inLanguage\":\"fr-FR\"},{\"@type\":\"Organization\",\"@id\":\"https:\\\/\\\/sealking.ca\\\/fr\\\/#organization\",\"name\":\"Seal King\",\"url\":\"https:\\\/\\\/sealking.ca\\\/fr\\\/\",\"logo\":{\"@type\":\"ImageObject\",\"inLanguage\":\"fr-FR\",\"@id\":\"https:\\\/\\\/sealking.ca\\\/fr\\\/#\\\/schema\\\/logo\\\/image\\\/\",\"url\":\"https:\\\/\\\/sealking.ca\\\/wp-content\\\/uploads\\\/2022\\\/07\\\/sealking-logo.png\",\"contentUrl\":\"https:\\\/\\\/sealking.ca\\\/wp-content\\\/uploads\\\/2022\\\/07\\\/sealking-logo.png\",\"width\":326,\"height\":114,\"caption\":\"Seal King\"},\"image\":{\"@id\":\"https:\\\/\\\/sealking.ca\\\/fr\\\/#\\\/schema\\\/logo\\\/image\\\/\"},\"sameAs\":[\"https:\\\/\\\/www.facebook.com\\\/SealKingInc\",\"https:\\\/\\\/x.com\\\/SealKingInc\"]}]}<\/script>\n<!-- \/ Yoast SEO plugin. -->","yoast_head_json":{"title":"CONTRACTEURS approuv\u00e9s - Seal King","robots":{"index":"index","follow":"follow","max-snippet":"max-snippet:-1","max-image-preview":"max-image-preview:large","max-video-preview":"max-video-preview:-1"},"canonical":"https:\/\/sealking.ca\/fr\/contracteurs-approuves\/","og_locale":"fr_FR","og_type":"article","og_title":"CONTRACTEURS approuv\u00e9s - Seal King","og_description":"*Par courtoisie \u00e0 nos clients, nous avons compil\u00e9 une liste d&rsquo;applicateurs approuv\u00e9s qui sont exp\u00e9riment\u00e9s, et ont les comp\u00e9tences les mieux adapt\u00e9es pour appliquer la pierre de Paving, la pierre naturelle, le b\u00e9ton, l&rsquo;asphalte et les scelleurs de bois. Seal King vous recommande vivement de prendre les mesures n\u00e9cessaires pour \u00e9valuer chaque fournisseur et de ... Continue","og_url":"https:\/\/sealking.ca\/fr\/contracteurs-approuves\/","og_site_name":"Seal King","article_publisher":"https:\/\/www.facebook.com\/SealKingInc","article_modified_time":"2024-08-13T22:46:36+00:00","og_image":[{"width":2432,"height":938,"url":"https:\/\/sealking.livetesting.ca\/wp-content\/uploads\/2023\/08\/Product-Page-2.jpg","type":"image\/jpeg"}],"twitter_card":"summary_large_image","twitter_site":"@SealKingInc","twitter_misc":{"Dur\u00e9e de lecture estim\u00e9e":"1 minute"},"schema":{"@context":"https:\/\/schema.org","@graph":[{"@type":"WebPage","@id":"https:\/\/sealking.ca\/fr\/contracteurs-approuves\/","url":"https:\/\/sealking.ca\/fr\/contracteurs-approuves\/","name":"CONTRACTEURS approuv\u00e9s - Seal King","isPartOf":{"@id":"https:\/\/sealking.ca\/fr\/#website"},"primaryImageOfPage":{"@id":"https:\/\/sealking.ca\/fr\/contracteurs-approuves\/#primaryimage"},"image":{"@id":"https:\/\/sealking.ca\/fr\/contracteurs-approuves\/#primaryimage"},"thumbnailUrl":"https:\/\/sealking.ca\/wp-content\/uploads\/2023\/08\/Product-Page-2.jpg","datePublished":"2022-09-22T02:48:19+00:00","dateModified":"2024-08-13T22:46:36+00:00","breadcrumb":{"@id":"https:\/\/sealking.ca\/fr\/contracteurs-approuves\/#breadcrumb"},"inLanguage":"fr-FR","potentialAction":[{"@type":"ReadAction","target":["https:\/\/sealking.ca\/fr\/contracteurs-approuves\/"]}]},{"@type":"ImageObject","inLanguage":"fr-FR","@id":"https:\/\/sealking.ca\/fr\/contracteurs-approuves\/#primaryimage","url":"https:\/\/sealking.ca\/wp-content\/uploads\/2023\/08\/Product-Page-2.jpg","contentUrl":"https:\/\/sealking.ca\/wp-content\/uploads\/2023\/08\/Product-Page-2.jpg","width":2432,"height":938},{"@type":"BreadcrumbList","@id":"https:\/\/sealking.ca\/fr\/contracteurs-approuves\/#breadcrumb","itemListElement":[{"@type":"ListItem","position":1,"name":"Home","item":"https:\/\/sealking.ca\/fr\/"},{"@type":"ListItem","position":2,"name":"CONTRACTEURS approuv\u00e9s"}]},{"@type":"WebSite","@id":"https:\/\/sealking.ca\/fr\/#website","url":"https:\/\/sealking.ca\/fr\/","name":"Seal King","description":"Manufacturer of Paving Stone Sealer, Natural Stone Sealer, Concrete Sealer, Impressed Concrete Sealer, Asphalt Sealer, Wood Sealer, and Surface Cleaners.","publisher":{"@id":"https:\/\/sealking.ca\/fr\/#organization"},"potentialAction":[{"@type":"SearchAction","target":{"@type":"EntryPoint","urlTemplate":"https:\/\/sealking.ca\/fr\/?s={search_term_string}"},"query-input":{"@type":"PropertyValueSpecification","valueRequired":true,"valueName":"search_term_string"}}],"inLanguage":"fr-FR"},{"@type":"Organization","@id":"https:\/\/sealking.ca\/fr\/#organization","name":"Seal King","url":"https:\/\/sealking.ca\/fr\/","logo":{"@type":"ImageObject","inLanguage":"fr-FR","@id":"https:\/\/sealking.ca\/fr\/#\/schema\/logo\/image\/","url":"https:\/\/sealking.ca\/wp-content\/uploads\/2022\/07\/sealking-logo.png","contentUrl":"https:\/\/sealking.ca\/wp-content\/uploads\/2022\/07\/sealking-logo.png","width":326,"height":114,"caption":"Seal King"},"image":{"@id":"https:\/\/sealking.ca\/fr\/#\/schema\/logo\/image\/"},"sameAs":["https:\/\/www.facebook.com\/SealKingInc","https:\/\/x.com\/SealKingInc"]}]}},"_links":{"self":[{"href":"https:\/\/sealking.ca\/fr\/wp-json\/wp\/v2\/pages\/2425","targetHints":{"allow":["GET"]}}],"collection":[{"href":"https:\/\/sealking.ca\/fr\/wp-json\/wp\/v2\/pages"}],"about":[{"href":"https:\/\/sealking.ca\/fr\/wp-json\/wp\/v2\/types\/page"}],"author":[{"embeddable":true,"href":"https:\/\/sealking.ca\/fr\/wp-json\/wp\/v2\/users\/1"}],"replies":[{"embeddable":true,"href":"https:\/\/sealking.ca\/fr\/wp-json\/wp\/v2\/comments?post=2425"}],"version-history":[{"count":0,"href":"https:\/\/sealking.ca\/fr\/wp-json\/wp\/v2\/pages\/2425\/revisions"}],"wp:featuredmedia":[{"embeddable":true,"href":"https:\/\/sealking.ca\/fr\/wp-json\/wp\/v2\/media\/2292"}],"wp:attachment":[{"href":"https:\/\/sealking.ca\/fr\/wp-json\/wp\/v2\/media?parent=2425"}],"curies":[{"name":"wp","href":"https:\/\/api.w.org\/{rel}","templated":true}]}}