{"id":2421,"date":"2022-09-21T23:14:13","date_gmt":"2022-09-22T03:14:13","guid":{"rendered":"https:\/\/sealking.ca\/terminologie\/"},"modified":"2024-08-13T19:02:35","modified_gmt":"2024-08-13T23:02:35","slug":"terminologie","status":"publish","type":"page","link":"https:\/\/sealking.ca\/fr\/terminologie\/","title":{"rendered":"Terminologie"},"content":{"rendered":"\n<h2 class=\"wp-block-heading\">Finitions<\/h2>\n\n<p><strong>Aspect naturel \/ Transparent :<\/strong><br\/>Invisible. Ne modifie pas l&rsquo;aspect de la surface. Prot\u00e8ge et laisse un fini naturel.<\/p>\n\n<p><strong>Semi-brillant \/ rehausseur de couleur :<\/strong><br\/>Rehausse la couleur de la surface tout en prot\u00e9geant la pierre ou le b\u00e9ton. Donne un l\u00e9ger \u00e9clat, proche d\u2019un fini mat. \u00c9galement recommand\u00e9 pour une deuxi\u00e8me application ou pour une surface pr\u00e9c\u00e9demment scell\u00e9e.<\/p>\n\n<p><strong>Haute brillance :<\/strong><br\/>Laisse un aspect brillant et humide.<\/p>\n\n<p><strong>Prime :<\/strong><br\/>Le nec plus ultra en mati\u00e8re de protection et de durabilit\u00e9. Sp\u00e9cialement formul\u00e9 pour des objectifs sp\u00e9cifiques.<\/p>\n\n<div style=\"height:30px\" aria-hidden=\"true\" class=\"wp-block-spacer\"><\/div>\n\n<h2 class=\"wp-block-heading\">Technologie<\/h2>\n\n<p><strong>\u00c0 base d&rsquo;eau :<\/strong><br\/>Scellant qui utilise l&rsquo;eau comme support volatile pour les solides d&rsquo;un rev\u00eatement.<\/p>\n\n<p><strong>\u00c0 base de solvant :<\/strong><br\/>Les scellants qui utilisent des solvants pour recouvrir une surface.<\/p>\n\n<p><strong>Technologie hybride sp\u00e9ciale :<\/strong><br\/>Contient des particules sp\u00e9ciales de taille minuscule qui p\u00e9n\u00e8trent et adh\u00e8rent de mani\u00e8re sup\u00e9rieure aux scellants \u00e0 base d&rsquo;huile existants.<\/p>\n","protected":false},"excerpt":{"rendered":"<p>Finitions Aspect naturel \/ Transparent :Invisible. Ne modifie pas l&rsquo;aspect de la surface. Prot\u00e8ge et laisse un fini naturel. Semi-brillant \/ rehausseur de couleur :Rehausse la couleur de la surface tout en prot\u00e9geant la pierre ou le b\u00e9ton. Donne un l\u00e9ger \u00e9clat, proche d\u2019un fini mat. \u00c9galement recommand\u00e9 pour une deuxi\u00e8me application ou pour une &#8230; <\/p>\n<p class=\"read-more-container\"><a title=\"Terminologie\" class=\"read-more button\" href=\"https:\/\/sealking.ca\/fr\/terminologie\/#more-2421\" aria-label=\"En savoir plus sur Terminologie\">Continue<\/a><\/p>\n","protected":false},"author":1,"featured_media":2205,"parent":0,"menu_order":0,"comment_status":"closed","ping_status":"closed","template":"","meta":{"_acf_changed":false,"footnotes":""},"class_list":{"0":"post-2421","1":"page","2":"type-page","3":"status-publish","4":"has-post-thumbnail","6":"infinite-scroll-item","7":"no-featured-image-padding"},"acf":[],"yoast_head":"<!-- This site is optimized with the Yoast SEO plugin v27.3 - https:\/\/yoast.com\/product\/yoast-seo-wordpress\/ -->\n<title>Terminologie - Seal King<\/title>\n<meta name=\"robots\" content=\"index, follow, max-snippet:-1, max-image-preview:large, max-video-preview:-1\" \/>\n<link rel=\"canonical\" href=\"https:\/\/sealking.ca\/fr\/terminologie\/\" \/>\n<meta property=\"og:locale\" content=\"fr_FR\" \/>\n<meta property=\"og:type\" content=\"article\" \/>\n<meta property=\"og:title\" content=\"Terminologie - Seal King\" \/>\n<meta property=\"og:description\" content=\"Finitions Aspect naturel \/ Transparent :Invisible. Ne modifie pas l&rsquo;aspect de la surface. Prot\u00e8ge et laisse un fini naturel. Semi-brillant \/ rehausseur de couleur :Rehausse la couleur de la surface tout en prot\u00e9geant la pierre ou le b\u00e9ton. Donne un l\u00e9ger \u00e9clat, proche d\u2019un fini mat. \u00c9galement recommand\u00e9 pour une deuxi\u00e8me application ou pour une ... Continue\" \/>\n<meta property=\"og:url\" content=\"https:\/\/sealking.ca\/fr\/terminologie\/\" \/>\n<meta property=\"og:site_name\" content=\"Seal King\" \/>\n<meta property=\"article:publisher\" content=\"https:\/\/www.facebook.com\/SealKingInc\" \/>\n<meta property=\"article:modified_time\" content=\"2024-08-13T23:02:35+00:00\" \/>\n<meta property=\"og:image\" content=\"https:\/\/sealking.livetesting.ca\/wp-content\/uploads\/2022\/10\/Untitled-design-6.png\" \/>\n\t<meta property=\"og:image:width\" content=\"1136\" \/>\n\t<meta property=\"og:image:height\" content=\"350\" \/>\n\t<meta property=\"og:image:type\" content=\"image\/png\" \/>\n<meta name=\"twitter:card\" content=\"summary_large_image\" \/>\n<meta name=\"twitter:site\" content=\"@SealKingInc\" \/>\n<meta name=\"twitter:label1\" content=\"Dur\u00e9e de lecture estim\u00e9e\" \/>\n\t<meta name=\"twitter:data1\" content=\"1 minute\" \/>\n<script type=\"application\/ld+json\" class=\"yoast-schema-graph\">{\"@context\":\"https:\\\/\\\/schema.org\",\"@graph\":[{\"@type\":\"WebPage\",\"@id\":\"https:\\\/\\\/sealking.ca\\\/fr\\\/terminologie\\\/\",\"url\":\"https:\\\/\\\/sealking.ca\\\/fr\\\/terminologie\\\/\",\"name\":\"Terminologie - Seal King\",\"isPartOf\":{\"@id\":\"https:\\\/\\\/sealking.ca\\\/fr\\\/#website\"},\"primaryImageOfPage\":{\"@id\":\"https:\\\/\\\/sealking.ca\\\/fr\\\/terminologie\\\/#primaryimage\"},\"image\":{\"@id\":\"https:\\\/\\\/sealking.ca\\\/fr\\\/terminologie\\\/#primaryimage\"},\"thumbnailUrl\":\"https:\\\/\\\/sealking.ca\\\/wp-content\\\/uploads\\\/2022\\\/10\\\/Untitled-design-6.png\",\"datePublished\":\"2022-09-22T03:14:13+00:00\",\"dateModified\":\"2024-08-13T23:02:35+00:00\",\"breadcrumb\":{\"@id\":\"https:\\\/\\\/sealking.ca\\\/fr\\\/terminologie\\\/#breadcrumb\"},\"inLanguage\":\"fr-FR\",\"potentialAction\":[{\"@type\":\"ReadAction\",\"target\":[\"https:\\\/\\\/sealking.ca\\\/fr\\\/terminologie\\\/\"]}]},{\"@type\":\"ImageObject\",\"inLanguage\":\"fr-FR\",\"@id\":\"https:\\\/\\\/sealking.ca\\\/fr\\\/terminologie\\\/#primaryimage\",\"url\":\"https:\\\/\\\/sealking.ca\\\/wp-content\\\/uploads\\\/2022\\\/10\\\/Untitled-design-6.png\",\"contentUrl\":\"https:\\\/\\\/sealking.ca\\\/wp-content\\\/uploads\\\/2022\\\/10\\\/Untitled-design-6.png\",\"width\":1136,\"height\":350},{\"@type\":\"BreadcrumbList\",\"@id\":\"https:\\\/\\\/sealking.ca\\\/fr\\\/terminologie\\\/#breadcrumb\",\"itemListElement\":[{\"@type\":\"ListItem\",\"position\":1,\"name\":\"Home\",\"item\":\"https:\\\/\\\/sealking.ca\\\/fr\\\/\"},{\"@type\":\"ListItem\",\"position\":2,\"name\":\"Terminologie\"}]},{\"@type\":\"WebSite\",\"@id\":\"https:\\\/\\\/sealking.ca\\\/fr\\\/#website\",\"url\":\"https:\\\/\\\/sealking.ca\\\/fr\\\/\",\"name\":\"Seal King\",\"description\":\"Manufacturer of Paving Stone Sealer, Natural Stone Sealer, Concrete Sealer, Impressed Concrete Sealer, Asphalt Sealer, Wood Sealer, and Surface Cleaners.\",\"publisher\":{\"@id\":\"https:\\\/\\\/sealking.ca\\\/fr\\\/#organization\"},\"potentialAction\":[{\"@type\":\"SearchAction\",\"target\":{\"@type\":\"EntryPoint\",\"urlTemplate\":\"https:\\\/\\\/sealking.ca\\\/fr\\\/?s={search_term_string}\"},\"query-input\":{\"@type\":\"PropertyValueSpecification\",\"valueRequired\":true,\"valueName\":\"search_term_string\"}}],\"inLanguage\":\"fr-FR\"},{\"@type\":\"Organization\",\"@id\":\"https:\\\/\\\/sealking.ca\\\/fr\\\/#organization\",\"name\":\"Seal King\",\"url\":\"https:\\\/\\\/sealking.ca\\\/fr\\\/\",\"logo\":{\"@type\":\"ImageObject\",\"inLanguage\":\"fr-FR\",\"@id\":\"https:\\\/\\\/sealking.ca\\\/fr\\\/#\\\/schema\\\/logo\\\/image\\\/\",\"url\":\"https:\\\/\\\/sealking.ca\\\/wp-content\\\/uploads\\\/2022\\\/07\\\/sealking-logo.png\",\"contentUrl\":\"https:\\\/\\\/sealking.ca\\\/wp-content\\\/uploads\\\/2022\\\/07\\\/sealking-logo.png\",\"width\":326,\"height\":114,\"caption\":\"Seal King\"},\"image\":{\"@id\":\"https:\\\/\\\/sealking.ca\\\/fr\\\/#\\\/schema\\\/logo\\\/image\\\/\"},\"sameAs\":[\"https:\\\/\\\/www.facebook.com\\\/SealKingInc\",\"https:\\\/\\\/x.com\\\/SealKingInc\"]}]}<\/script>\n<!-- \/ Yoast SEO plugin. -->","yoast_head_json":{"title":"Terminologie - Seal King","robots":{"index":"index","follow":"follow","max-snippet":"max-snippet:-1","max-image-preview":"max-image-preview:large","max-video-preview":"max-video-preview:-1"},"canonical":"https:\/\/sealking.ca\/fr\/terminologie\/","og_locale":"fr_FR","og_type":"article","og_title":"Terminologie - Seal King","og_description":"Finitions Aspect naturel \/ Transparent :Invisible. Ne modifie pas l&rsquo;aspect de la surface. Prot\u00e8ge et laisse un fini naturel. Semi-brillant \/ rehausseur de couleur :Rehausse la couleur de la surface tout en prot\u00e9geant la pierre ou le b\u00e9ton. Donne un l\u00e9ger \u00e9clat, proche d\u2019un fini mat. \u00c9galement recommand\u00e9 pour une deuxi\u00e8me application ou pour une ... Continue","og_url":"https:\/\/sealking.ca\/fr\/terminologie\/","og_site_name":"Seal King","article_publisher":"https:\/\/www.facebook.com\/SealKingInc","article_modified_time":"2024-08-13T23:02:35+00:00","og_image":[{"width":1136,"height":350,"url":"https:\/\/sealking.livetesting.ca\/wp-content\/uploads\/2022\/10\/Untitled-design-6.png","type":"image\/png"}],"twitter_card":"summary_large_image","twitter_site":"@SealKingInc","twitter_misc":{"Dur\u00e9e de lecture estim\u00e9e":"1 minute"},"schema":{"@context":"https:\/\/schema.org","@graph":[{"@type":"WebPage","@id":"https:\/\/sealking.ca\/fr\/terminologie\/","url":"https:\/\/sealking.ca\/fr\/terminologie\/","name":"Terminologie - Seal King","isPartOf":{"@id":"https:\/\/sealking.ca\/fr\/#website"},"primaryImageOfPage":{"@id":"https:\/\/sealking.ca\/fr\/terminologie\/#primaryimage"},"image":{"@id":"https:\/\/sealking.ca\/fr\/terminologie\/#primaryimage"},"thumbnailUrl":"https:\/\/sealking.ca\/wp-content\/uploads\/2022\/10\/Untitled-design-6.png","datePublished":"2022-09-22T03:14:13+00:00","dateModified":"2024-08-13T23:02:35+00:00","breadcrumb":{"@id":"https:\/\/sealking.ca\/fr\/terminologie\/#breadcrumb"},"inLanguage":"fr-FR","potentialAction":[{"@type":"ReadAction","target":["https:\/\/sealking.ca\/fr\/terminologie\/"]}]},{"@type":"ImageObject","inLanguage":"fr-FR","@id":"https:\/\/sealking.ca\/fr\/terminologie\/#primaryimage","url":"https:\/\/sealking.ca\/wp-content\/uploads\/2022\/10\/Untitled-design-6.png","contentUrl":"https:\/\/sealking.ca\/wp-content\/uploads\/2022\/10\/Untitled-design-6.png","width":1136,"height":350},{"@type":"BreadcrumbList","@id":"https:\/\/sealking.ca\/fr\/terminologie\/#breadcrumb","itemListElement":[{"@type":"ListItem","position":1,"name":"Home","item":"https:\/\/sealking.ca\/fr\/"},{"@type":"ListItem","position":2,"name":"Terminologie"}]},{"@type":"WebSite","@id":"https:\/\/sealking.ca\/fr\/#website","url":"https:\/\/sealking.ca\/fr\/","name":"Seal King","description":"Manufacturer of Paving Stone Sealer, Natural Stone Sealer, Concrete Sealer, Impressed Concrete Sealer, Asphalt Sealer, Wood Sealer, and Surface Cleaners.","publisher":{"@id":"https:\/\/sealking.ca\/fr\/#organization"},"potentialAction":[{"@type":"SearchAction","target":{"@type":"EntryPoint","urlTemplate":"https:\/\/sealking.ca\/fr\/?s={search_term_string}"},"query-input":{"@type":"PropertyValueSpecification","valueRequired":true,"valueName":"search_term_string"}}],"inLanguage":"fr-FR"},{"@type":"Organization","@id":"https:\/\/sealking.ca\/fr\/#organization","name":"Seal King","url":"https:\/\/sealking.ca\/fr\/","logo":{"@type":"ImageObject","inLanguage":"fr-FR","@id":"https:\/\/sealking.ca\/fr\/#\/schema\/logo\/image\/","url":"https:\/\/sealking.ca\/wp-content\/uploads\/2022\/07\/sealking-logo.png","contentUrl":"https:\/\/sealking.ca\/wp-content\/uploads\/2022\/07\/sealking-logo.png","width":326,"height":114,"caption":"Seal King"},"image":{"@id":"https:\/\/sealking.ca\/fr\/#\/schema\/logo\/image\/"},"sameAs":["https:\/\/www.facebook.com\/SealKingInc","https:\/\/x.com\/SealKingInc"]}]}},"_links":{"self":[{"href":"https:\/\/sealking.ca\/fr\/wp-json\/wp\/v2\/pages\/2421","targetHints":{"allow":["GET"]}}],"collection":[{"href":"https:\/\/sealking.ca\/fr\/wp-json\/wp\/v2\/pages"}],"about":[{"href":"https:\/\/sealking.ca\/fr\/wp-json\/wp\/v2\/types\/page"}],"author":[{"embeddable":true,"href":"https:\/\/sealking.ca\/fr\/wp-json\/wp\/v2\/users\/1"}],"replies":[{"embeddable":true,"href":"https:\/\/sealking.ca\/fr\/wp-json\/wp\/v2\/comments?post=2421"}],"version-history":[{"count":0,"href":"https:\/\/sealking.ca\/fr\/wp-json\/wp\/v2\/pages\/2421\/revisions"}],"wp:featuredmedia":[{"embeddable":true,"href":"https:\/\/sealking.ca\/fr\/wp-json\/wp\/v2\/media\/2205"}],"wp:attachment":[{"href":"https:\/\/sealking.ca\/fr\/wp-json\/wp\/v2\/media?parent=2421"}],"curies":[{"name":"wp","href":"https:\/\/api.w.org\/{rel}","templated":true}]}}