{"id":2417,"date":"2022-09-22T20:39:55","date_gmt":"2022-09-23T00:39:55","guid":{"rendered":"https:\/\/sealking.ca\/ressources-et-videos\/"},"modified":"2024-08-14T21:22:22","modified_gmt":"2024-08-15T01:22:22","slug":"ressources-et-videos","status":"publish","type":"page","link":"https:\/\/sealking.ca\/fr\/ressources-et-videos\/","title":{"rendered":"Ressources et vid\u00e9os"},"content":{"rendered":"\n<div class=\"wp-block-columns is-layout-flex wp-container-core-columns-is-layout-9d6595d7 wp-block-columns-is-layout-flex\">\n<div class=\"wp-block-column is-layout-flow wp-block-column-is-layout-flow\">\n<h2 class=\"wp-block-heading\">Guide \u00e9tape par \u00e9tape de Seal King pour sceller vos pav\u00e9s autobloquants<\/h2>\n\n\n\n<div class=\"seal-video\"><iframe title=\"Lecteur vid\u00e9o YouTube\" data-src=\"https:\/\/www.youtube.com\/embed\/2qBNmFhLF5w\" width=\"560\" height=\"315\" frameborder=\"0\" allowfullscreen=\"allowfullscreen\" src=\"data:image\/svg+xml;base64,PHN2ZyB3aWR0aD0iMSIgaGVpZ2h0PSIxIiB4bWxucz0iaHR0cDovL3d3dy53My5vcmcvMjAwMC9zdmciPjwvc3ZnPg==\" class=\"lazyload\" data-load-mode=\"1\"><\/iframe><\/div>\n\n\n\n<div style=\"height:45px\" aria-hidden=\"true\" class=\"wp-block-spacer\"><\/div>\n<\/div>\n\n\n\n<div class=\"wp-block-column is-layout-flow wp-block-column-is-layout-flow\">\n<h2 class=\"wp-block-heading\">Application du scellant pour pav\u00e9s Seal King<\/h2>\n\n\n\n<div class=\"seal-video\"><iframe title=\"Lecteur vid\u00e9o YouTube\" data-src=\"https:\/\/www.youtube.com\/embed\/_GxzA2zMWiU\" width=\"560\" height=\"315\" frameborder=\"0\" allowfullscreen=\"allowfullscreen\" src=\"data:image\/svg+xml;base64,PHN2ZyB3aWR0aD0iMSIgaGVpZ2h0PSIxIiB4bWxucz0iaHR0cDovL3d3dy53My5vcmcvMjAwMC9zdmciPjwvc3ZnPg==\" class=\"lazyload\" data-load-mode=\"1\"><\/iframe><\/div>\n<\/div>\n<\/div>\n\n<div style=\"height:15px\" aria-hidden=\"true\" class=\"wp-block-spacer\"><\/div>\n\n<div class=\"wp-block-columns is-layout-flex wp-container-core-columns-is-layout-9d6595d7 wp-block-columns-is-layout-flex\">\n<div class=\"wp-block-column is-layout-flow wp-block-column-is-layout-flow\">\n<h2 class=\"wp-block-heading\">Application du scellant pour pierre naturelle de Seal King<\/h2>\n\n\n\n<div class=\"seal-video\"><iframe title=\"Lecteur vid\u00e9o YouTube\" data-src=\"https:\/\/www.youtube.com\/embed\/jsTvDQBzmDU\" width=\"560\" height=\"315\" frameborder=\"0\" allowfullscreen=\"allowfullscreen\" src=\"data:image\/svg+xml;base64,PHN2ZyB3aWR0aD0iMSIgaGVpZ2h0PSIxIiB4bWxucz0iaHR0cDovL3d3dy53My5vcmcvMjAwMC9zdmciPjwvc3ZnPg==\" class=\"lazyload\" data-load-mode=\"1\"><\/iframe><\/div>\n\n\n\n<div style=\"height:45px\" aria-hidden=\"true\" class=\"wp-block-spacer\"><\/div>\n<\/div>\n\n\n\n<div class=\"wp-block-column is-layout-flow wp-block-column-is-layout-flow\"><\/div>\n<\/div>\n","protected":false},"excerpt":{"rendered":"<p>Guide \u00e9tape par \u00e9tape de Seal King pour sceller vos pav\u00e9s autobloquants Application du scellant pour pav\u00e9s Seal King Application du scellant pour pierre naturelle de Seal King<\/p>\n","protected":false},"author":1,"featured_media":2183,"parent":0,"menu_order":0,"comment_status":"closed","ping_status":"closed","template":"","meta":{"_acf_changed":false,"footnotes":""},"class_list":{"0":"post-2417","1":"page","2":"type-page","3":"status-publish","4":"has-post-thumbnail","6":"infinite-scroll-item","7":"no-featured-image-padding"},"acf":[],"yoast_head":"<!-- This site is optimized with the Yoast SEO plugin v27.3 - https:\/\/yoast.com\/product\/yoast-seo-wordpress\/ -->\n<title>Ressources et vid\u00e9os - Seal King<\/title>\n<meta name=\"robots\" content=\"index, follow, max-snippet:-1, max-image-preview:large, max-video-preview:-1\" \/>\n<link rel=\"canonical\" href=\"https:\/\/sealking.ca\/fr\/ressources-et-videos\/\" \/>\n<meta property=\"og:locale\" content=\"fr_FR\" \/>\n<meta property=\"og:type\" content=\"article\" \/>\n<meta property=\"og:title\" content=\"Ressources et vid\u00e9os - Seal King\" \/>\n<meta property=\"og:description\" content=\"Guide \u00e9tape par \u00e9tape de Seal King pour sceller vos pav\u00e9s autobloquants Application du scellant pour pav\u00e9s Seal King Application du scellant pour pierre naturelle de Seal King\" \/>\n<meta property=\"og:url\" content=\"https:\/\/sealking.ca\/fr\/ressources-et-videos\/\" \/>\n<meta property=\"og:site_name\" content=\"Seal King\" \/>\n<meta property=\"article:publisher\" content=\"https:\/\/www.facebook.com\/SealKingInc\" \/>\n<meta property=\"article:modified_time\" content=\"2024-08-15T01:22:22+00:00\" \/>\n<meta property=\"og:image\" content=\"https:\/\/sealking.livetesting.ca\/wp-content\/uploads\/2022\/10\/Seal-King-Resources-Banner.jpg\" \/>\n\t<meta property=\"og:image:width\" content=\"1126\" \/>\n\t<meta property=\"og:image:height\" content=\"350\" \/>\n\t<meta property=\"og:image:type\" content=\"image\/jpeg\" \/>\n<meta name=\"twitter:card\" content=\"summary_large_image\" \/>\n<meta name=\"twitter:site\" content=\"@SealKingInc\" \/>\n<script type=\"application\/ld+json\" class=\"yoast-schema-graph\">{\"@context\":\"https:\\\/\\\/schema.org\",\"@graph\":[{\"@type\":\"WebPage\",\"@id\":\"https:\\\/\\\/sealking.ca\\\/fr\\\/ressources-et-videos\\\/\",\"url\":\"https:\\\/\\\/sealking.ca\\\/fr\\\/ressources-et-videos\\\/\",\"name\":\"Ressources et vid\u00e9os - Seal King\",\"isPartOf\":{\"@id\":\"https:\\\/\\\/sealking.ca\\\/fr\\\/#website\"},\"primaryImageOfPage\":{\"@id\":\"https:\\\/\\\/sealking.ca\\\/fr\\\/ressources-et-videos\\\/#primaryimage\"},\"image\":{\"@id\":\"https:\\\/\\\/sealking.ca\\\/fr\\\/ressources-et-videos\\\/#primaryimage\"},\"thumbnailUrl\":\"https:\\\/\\\/sealking.ca\\\/wp-content\\\/uploads\\\/2022\\\/10\\\/Seal-King-Resources-Banner.jpg\",\"datePublished\":\"2022-09-23T00:39:55+00:00\",\"dateModified\":\"2024-08-15T01:22:22+00:00\",\"breadcrumb\":{\"@id\":\"https:\\\/\\\/sealking.ca\\\/fr\\\/ressources-et-videos\\\/#breadcrumb\"},\"inLanguage\":\"fr-FR\",\"potentialAction\":[{\"@type\":\"ReadAction\",\"target\":[\"https:\\\/\\\/sealking.ca\\\/fr\\\/ressources-et-videos\\\/\"]}]},{\"@type\":\"ImageObject\",\"inLanguage\":\"fr-FR\",\"@id\":\"https:\\\/\\\/sealking.ca\\\/fr\\\/ressources-et-videos\\\/#primaryimage\",\"url\":\"https:\\\/\\\/sealking.ca\\\/wp-content\\\/uploads\\\/2022\\\/10\\\/Seal-King-Resources-Banner.jpg\",\"contentUrl\":\"https:\\\/\\\/sealking.ca\\\/wp-content\\\/uploads\\\/2022\\\/10\\\/Seal-King-Resources-Banner.jpg\",\"width\":1126,\"height\":350},{\"@type\":\"BreadcrumbList\",\"@id\":\"https:\\\/\\\/sealking.ca\\\/fr\\\/ressources-et-videos\\\/#breadcrumb\",\"itemListElement\":[{\"@type\":\"ListItem\",\"position\":1,\"name\":\"Home\",\"item\":\"https:\\\/\\\/sealking.ca\\\/fr\\\/\"},{\"@type\":\"ListItem\",\"position\":2,\"name\":\"Ressources et vid\u00e9os\"}]},{\"@type\":\"WebSite\",\"@id\":\"https:\\\/\\\/sealking.ca\\\/fr\\\/#website\",\"url\":\"https:\\\/\\\/sealking.ca\\\/fr\\\/\",\"name\":\"Seal King\",\"description\":\"Manufacturer of Paving Stone Sealer, Natural Stone Sealer, Concrete Sealer, Impressed Concrete Sealer, Asphalt Sealer, Wood Sealer, and Surface Cleaners.\",\"publisher\":{\"@id\":\"https:\\\/\\\/sealking.ca\\\/fr\\\/#organization\"},\"potentialAction\":[{\"@type\":\"SearchAction\",\"target\":{\"@type\":\"EntryPoint\",\"urlTemplate\":\"https:\\\/\\\/sealking.ca\\\/fr\\\/?s={search_term_string}\"},\"query-input\":{\"@type\":\"PropertyValueSpecification\",\"valueRequired\":true,\"valueName\":\"search_term_string\"}}],\"inLanguage\":\"fr-FR\"},{\"@type\":\"Organization\",\"@id\":\"https:\\\/\\\/sealking.ca\\\/fr\\\/#organization\",\"name\":\"Seal King\",\"url\":\"https:\\\/\\\/sealking.ca\\\/fr\\\/\",\"logo\":{\"@type\":\"ImageObject\",\"inLanguage\":\"fr-FR\",\"@id\":\"https:\\\/\\\/sealking.ca\\\/fr\\\/#\\\/schema\\\/logo\\\/image\\\/\",\"url\":\"https:\\\/\\\/sealking.ca\\\/wp-content\\\/uploads\\\/2022\\\/07\\\/sealking-logo.png\",\"contentUrl\":\"https:\\\/\\\/sealking.ca\\\/wp-content\\\/uploads\\\/2022\\\/07\\\/sealking-logo.png\",\"width\":326,\"height\":114,\"caption\":\"Seal King\"},\"image\":{\"@id\":\"https:\\\/\\\/sealking.ca\\\/fr\\\/#\\\/schema\\\/logo\\\/image\\\/\"},\"sameAs\":[\"https:\\\/\\\/www.facebook.com\\\/SealKingInc\",\"https:\\\/\\\/x.com\\\/SealKingInc\"]}]}<\/script>\n<!-- \/ Yoast SEO plugin. -->","yoast_head_json":{"title":"Ressources et vid\u00e9os - Seal King","robots":{"index":"index","follow":"follow","max-snippet":"max-snippet:-1","max-image-preview":"max-image-preview:large","max-video-preview":"max-video-preview:-1"},"canonical":"https:\/\/sealking.ca\/fr\/ressources-et-videos\/","og_locale":"fr_FR","og_type":"article","og_title":"Ressources et vid\u00e9os - Seal King","og_description":"Guide \u00e9tape par \u00e9tape de Seal King pour sceller vos pav\u00e9s autobloquants Application du scellant pour pav\u00e9s Seal King Application du scellant pour pierre naturelle de Seal King","og_url":"https:\/\/sealking.ca\/fr\/ressources-et-videos\/","og_site_name":"Seal King","article_publisher":"https:\/\/www.facebook.com\/SealKingInc","article_modified_time":"2024-08-15T01:22:22+00:00","og_image":[{"width":1126,"height":350,"url":"https:\/\/sealking.livetesting.ca\/wp-content\/uploads\/2022\/10\/Seal-King-Resources-Banner.jpg","type":"image\/jpeg"}],"twitter_card":"summary_large_image","twitter_site":"@SealKingInc","schema":{"@context":"https:\/\/schema.org","@graph":[{"@type":"WebPage","@id":"https:\/\/sealking.ca\/fr\/ressources-et-videos\/","url":"https:\/\/sealking.ca\/fr\/ressources-et-videos\/","name":"Ressources et vid\u00e9os - Seal King","isPartOf":{"@id":"https:\/\/sealking.ca\/fr\/#website"},"primaryImageOfPage":{"@id":"https:\/\/sealking.ca\/fr\/ressources-et-videos\/#primaryimage"},"image":{"@id":"https:\/\/sealking.ca\/fr\/ressources-et-videos\/#primaryimage"},"thumbnailUrl":"https:\/\/sealking.ca\/wp-content\/uploads\/2022\/10\/Seal-King-Resources-Banner.jpg","datePublished":"2022-09-23T00:39:55+00:00","dateModified":"2024-08-15T01:22:22+00:00","breadcrumb":{"@id":"https:\/\/sealking.ca\/fr\/ressources-et-videos\/#breadcrumb"},"inLanguage":"fr-FR","potentialAction":[{"@type":"ReadAction","target":["https:\/\/sealking.ca\/fr\/ressources-et-videos\/"]}]},{"@type":"ImageObject","inLanguage":"fr-FR","@id":"https:\/\/sealking.ca\/fr\/ressources-et-videos\/#primaryimage","url":"https:\/\/sealking.ca\/wp-content\/uploads\/2022\/10\/Seal-King-Resources-Banner.jpg","contentUrl":"https:\/\/sealking.ca\/wp-content\/uploads\/2022\/10\/Seal-King-Resources-Banner.jpg","width":1126,"height":350},{"@type":"BreadcrumbList","@id":"https:\/\/sealking.ca\/fr\/ressources-et-videos\/#breadcrumb","itemListElement":[{"@type":"ListItem","position":1,"name":"Home","item":"https:\/\/sealking.ca\/fr\/"},{"@type":"ListItem","position":2,"name":"Ressources et vid\u00e9os"}]},{"@type":"WebSite","@id":"https:\/\/sealking.ca\/fr\/#website","url":"https:\/\/sealking.ca\/fr\/","name":"Seal King","description":"Manufacturer of Paving Stone Sealer, Natural Stone Sealer, Concrete Sealer, Impressed Concrete Sealer, Asphalt Sealer, Wood Sealer, and Surface Cleaners.","publisher":{"@id":"https:\/\/sealking.ca\/fr\/#organization"},"potentialAction":[{"@type":"SearchAction","target":{"@type":"EntryPoint","urlTemplate":"https:\/\/sealking.ca\/fr\/?s={search_term_string}"},"query-input":{"@type":"PropertyValueSpecification","valueRequired":true,"valueName":"search_term_string"}}],"inLanguage":"fr-FR"},{"@type":"Organization","@id":"https:\/\/sealking.ca\/fr\/#organization","name":"Seal King","url":"https:\/\/sealking.ca\/fr\/","logo":{"@type":"ImageObject","inLanguage":"fr-FR","@id":"https:\/\/sealking.ca\/fr\/#\/schema\/logo\/image\/","url":"https:\/\/sealking.ca\/wp-content\/uploads\/2022\/07\/sealking-logo.png","contentUrl":"https:\/\/sealking.ca\/wp-content\/uploads\/2022\/07\/sealking-logo.png","width":326,"height":114,"caption":"Seal King"},"image":{"@id":"https:\/\/sealking.ca\/fr\/#\/schema\/logo\/image\/"},"sameAs":["https:\/\/www.facebook.com\/SealKingInc","https:\/\/x.com\/SealKingInc"]}]}},"_links":{"self":[{"href":"https:\/\/sealking.ca\/fr\/wp-json\/wp\/v2\/pages\/2417","targetHints":{"allow":["GET"]}}],"collection":[{"href":"https:\/\/sealking.ca\/fr\/wp-json\/wp\/v2\/pages"}],"about":[{"href":"https:\/\/sealking.ca\/fr\/wp-json\/wp\/v2\/types\/page"}],"author":[{"embeddable":true,"href":"https:\/\/sealking.ca\/fr\/wp-json\/wp\/v2\/users\/1"}],"replies":[{"embeddable":true,"href":"https:\/\/sealking.ca\/fr\/wp-json\/wp\/v2\/comments?post=2417"}],"version-history":[{"count":0,"href":"https:\/\/sealking.ca\/fr\/wp-json\/wp\/v2\/pages\/2417\/revisions"}],"wp:featuredmedia":[{"embeddable":true,"href":"https:\/\/sealking.ca\/fr\/wp-json\/wp\/v2\/media\/2183"}],"wp:attachment":[{"href":"https:\/\/sealking.ca\/fr\/wp-json\/wp\/v2\/media?parent=2417"}],"curies":[{"name":"wp","href":"https:\/\/api.w.org\/{rel}","templated":true}]}}