{"id":2415,"date":"2022-09-22T21:53:11","date_gmt":"2022-09-23T01:53:11","guid":{"rendered":"https:\/\/sealking.ca\/contact\/"},"modified":"2024-08-15T22:40:00","modified_gmt":"2024-08-16T02:40:00","slug":"contact","status":"publish","type":"page","link":"https:\/\/sealking.ca\/fr\/contact\/","title":{"rendered":"Contact"},"content":{"rendered":"\n<div class=\"wp-block-columns is-layout-flex wp-container-core-columns-is-layout-9d6595d7 wp-block-columns-is-layout-flex\">\n<div class=\"wp-block-column is-layout-flow wp-block-column-is-layout-flow\" style=\"flex-basis:33.33%\">\n<p>Vous avez d&rsquo;autres questions ou des inqui\u00e9tudes concernant <a href=\"https:\/\/sealking.ca\/fr\/produits\/\">les scellants<\/a> Seal King, <a href=\"https:\/\/sealking.ca\/fr\/products\/nettoyants\/\">les nettoyants<\/a>, les processus de scellement ou l&rsquo;entreprise en g\u00e9n\u00e9ral ?<\/p>\n\n\n\n<p><br><strong>T\u00e9l\u00e9phone :<\/strong><br><strong><a href=\"tel:18339937325\" target=\"_blank\" rel=\"noreferrer noopener\">1-833-993-7325<\/a><\/strong> (SEAL)<br><br><strong>Fax :<\/strong><br>(1) 905-799-6362<\/p>\n\n\n\n<p><strong>Bureau :<\/strong><br>7134 Wellington Road <br>County Road #124 South<br>Guelph, ON N1H 6N3 <\/p>\n<\/div>\n\n\n\n<div class=\"wp-block-column is-layout-flow wp-block-column-is-layout-flow\" style=\"flex-basis:66.66%\">\n<h3 class=\"wp-block-heading\">Les commentaires ou questions sont les bienvenus.<\/h3>\n\n\n\n<p>Les champs marqu\u00e9s d&rsquo;un * sont obligatoires<\/p>\n\n\n<div class=\"frm_forms  with_frm_style frm_style_formidable-style\" id=\"frm_form_4_container\" >\n<form enctype=\"multipart\/form-data\" method=\"post\" class=\"frm-show-form  frm_pro_form \" id=\"form_contact-form2\" >\n<div class=\"frm_form_fields \">\n<fieldset>\n<legend class=\"frm_screen_reader\">Contact Us (fr-CA)<\/legend>\r\n\r\n<div class=\"frm_fields_container\">\n<input type=\"hidden\" name=\"frm_action\" value=\"create\" \/>\n<input type=\"hidden\" name=\"form_id\" value=\"4\" \/>\n<input type=\"hidden\" name=\"frm_hide_fields_4\" id=\"frm_hide_fields_4\" value=\"\" \/>\n<input type=\"hidden\" name=\"form_key\" value=\"contact-form2\" \/>\n<input type=\"hidden\" name=\"item_meta[0]\" value=\"\" \/>\n<input type=\"hidden\" id=\"frm_submit_entry_4\" name=\"frm_submit_entry_4\" value=\"bd1f5ac10b\" \/><input type=\"hidden\" name=\"_wp_http_referer\" value=\"\/fr\/wp-json\/wp\/v2\/pages\/2415\" \/><div id=\"frm_field_34_container\" class=\"frm_form_field form-field  frm_required_field frm_top_container\">\r\n    <label for=\"field_z4gj33\" id=\"field_z4gj33_label\" class=\"frm_primary_label\">Type d&rsquo;enqu\u00eate\r\n        <span class=\"frm_required\" aria-hidden=\"true\">*<\/span>\r\n    <\/label>\r\n    \t\t<select name=\"item_meta[34]\" id=\"field_z4gj33\"  data-placeholder=\"--Please Select--\"  placeholder=\"--Please Select--\" data-reqmsg=\"Ce champ ne peut pas \u00eatre vide.\" aria-required=\"true\" data-invmsg=\"Type d&#039;enqu\u00eate est non valide\" aria-invalid=\"false\"  >\n\t\t<option  class=\"frm-select-placeholder\" value=\"\" data-placeholder=\"true\">&#8211;Please Select&#8211;<\/option><option  value=\"Enqu\u00eate g\u00e9n\u00e9rale\">Enqu\u00eate g\u00e9n\u00e9rale<\/option><option  value=\"Autres\">Autres<\/option>\t<\/select>\n\t\r\n    \r\n    \r\n<\/div>\n<div id=\"frm_field_35_container\" class=\"frm_form_field form-field  frm_required_field frm_top_container frm_full\">\r\n    <label for=\"field_29yf4d4\" id=\"field_29yf4d4_label\" class=\"frm_primary_label\">Nom\r\n        <span class=\"frm_required\" aria-hidden=\"true\">*<\/span>\r\n    <\/label>\r\n    <input  type=\"text\" id=\"field_29yf4d4\" name=\"item_meta[35]\" value=\"\"  data-reqmsg=\"Ce champ ne peut pas \u00eatre vide.\" aria-required=\"true\" data-invmsg=\"Please enter a valid email address\" aria-invalid=\"false\"   \/>\r\n    \r\n    \r\n<\/div>\n<div id=\"frm_field_36_container\" class=\"frm_form_field form-field  frm_required_field frm_top_container frm_full\">\r\n    <label for=\"field_kv42h4\" id=\"field_kv42h4_label\" class=\"frm_primary_label\">Email\r\n        <span class=\"frm_required\" aria-hidden=\"true\">*<\/span>\r\n    <\/label>\r\n    <input type=\"email\" id=\"field_kv42h4\" name=\"item_meta[36]\" value=\"\"  data-reqmsg=\"Ce champ ne peut pas \u00eatre vide.\" aria-required=\"true\" data-invmsg=\"Veuillez entrer une adresse e-mail valide.\" aria-invalid=\"false\"  \/>\r\n    \r\n    \r\n<\/div>\n<div id=\"frm_field_37_container\" class=\"frm_form_field form-field  frm_top_container frm_full\">\r\n    <label for=\"field_e6lis64\" id=\"field_e6lis64_label\" class=\"frm_primary_label\">Entreprise\r\n        <span class=\"frm_required\" aria-hidden=\"true\"><\/span>\r\n    <\/label>\r\n    <input  type=\"text\" id=\"field_e6lis64\" name=\"item_meta[37]\" value=\"\"  data-invmsg=\"Subject is invalid\" aria-invalid=\"false\"   \/>\r\n    \r\n    \r\n<\/div>\n<div id=\"frm_field_38_container\" class=\"frm_form_field form-field  frm_top_container frm_full\">\r\n    <label for=\"field_xi0ce4\" id=\"field_xi0ce4_label\" class=\"frm_primary_label\">Ville\r\n        <span class=\"frm_required\" aria-hidden=\"true\"><\/span>\r\n    <\/label>\r\n    <input  type=\"text\" id=\"field_xi0ce4\" name=\"item_meta[38]\" value=\"\"  data-invmsg=\"Subject is invalid\" aria-invalid=\"false\"   \/>\r\n    \r\n    \r\n<\/div>\n<div id=\"frm_field_39_container\" class=\"frm_form_field form-field  frm_top_container frm_full\">\r\n    <label for=\"field_izmlk4\" id=\"field_izmlk4_label\" class=\"frm_primary_label\">Num\u00e9ro de t\u00e9l\u00e9phone\r\n        <span class=\"frm_required\" aria-hidden=\"true\"><\/span>\r\n    <\/label>\r\n    <input type=\"tel\" id=\"field_izmlk4\" name=\"item_meta[39]\" value=\"\"  data-invmsg=\"Veuillez entrer un num\u00e9ro de t\u00e9l\u00e9phone valide.\" aria-invalid=\"false\" pattern=\"((\\+\\d{1,3}(-|.| )?\\(?\\d\\)?(-| |.)?\\d{1,5})|(\\(?\\d{2,6}\\)?))(-|.| )?(\\d{3,4})(-|.| )?(\\d{4})(( x| ext)\\d{1,5}){0,1}$\"  \/>\r\n    \r\n    \r\n<\/div>\n<div id=\"frm_field_40_container\" class=\"frm_form_field form-field  frm_required_field frm_top_container frm_full\">\r\n    <label for=\"field_9jv0r14\" id=\"field_9jv0r14_label\" class=\"frm_primary_label\">Message\r\n        <span class=\"frm_required\" aria-hidden=\"true\">*<\/span>\r\n    <\/label>\r\n    <textarea name=\"item_meta[40]\" id=\"field_9jv0r14\" rows=\"5\"  data-reqmsg=\"Ce champ ne peut pas \u00eatre vide.\" aria-required=\"true\" data-invmsg=\"Message is invalid\" aria-invalid=\"false\"  ><\/textarea>\r\n    \r\n    \r\n<\/div>\n<div id=\"frm_field_41_container\" class=\"frm_form_field form-field  frm_none_container\">\r\n    <label for=\"g-recaptcha-response\" id=\"field_k1bj14_label\" class=\"frm_primary_label\">reCAPTCHA\r\n        <span class=\"frm_required\" aria-hidden=\"true\"><\/span>\r\n    <\/label>\r\n    <div  id=\"field_k1bj14\" class=\"g-recaptcha\" data-sitekey=\"6Lea36ApAAAAAKZUGrUemrQM2Ltb79W44UINDPrC\" data-size=\"invisible\" data-theme=\"light\" data-callback=\"frmAfterRecaptcha\"><\/div>\r\n    \r\n    \r\n<\/div>\n<div id=\"frm_field_42_container\" class=\"frm_form_field form-field \">\r\n\t<div class=\"frm_submit\">\r\n\r\n<button class=\"frm_button_submit frm_final_submit\" type=\"submit\"   formnovalidate=\"formnovalidate\">Soumettre<\/button>\r\n\r\n\r\n<\/div>\r\n<\/div>\n\t<input type=\"hidden\" name=\"item_key\" value=\"\" \/>\n\t\t\t<div id=\"frm_field_102_container\">\n\t\t\t<label for=\"field_xx84n\" >\n\t\t\t\tSi vous \u00eates un humain, ne remplissez pas ce champ.\t\t\t<\/label>\n\t\t\t<input  id=\"field_xx84n\" type=\"text\" class=\"frm_form_field form-field frm_verify\" name=\"item_meta[102]\" value=\"\"  \/>\n\t\t<\/div>\n\t\t<input name=\"frm_state\" type=\"hidden\" value=\"OZgsmiAjCIizt7qtvPRch4twEf4tF9zPg3AbYmIpLrovnPDPFDwDTX3iYmhlnGpY\" \/><\/div>\n<\/fieldset>\n<\/div>\n\n<\/form>\n<\/div>\n<\/div>\n<\/div>\n","protected":false},"excerpt":{"rendered":"<p>Vous avez d&rsquo;autres questions ou des inqui\u00e9tudes concernant les scellants Seal King, les nettoyants, les processus de scellement ou l&rsquo;entreprise en g\u00e9n\u00e9ral ? T\u00e9l\u00e9phone :1-833-993-7325 (SEAL) Fax :(1) 905-799-6362 Bureau :7134 Wellington Road County Road #124 SouthGuelph, ON N1H 6N3 Les commentaires ou questions sont les bienvenus. Les champs marqu\u00e9s d&rsquo;un * sont obligatoires<\/p>\n","protected":false},"author":1,"featured_media":2358,"parent":0,"menu_order":0,"comment_status":"closed","ping_status":"closed","template":"","meta":{"_acf_changed":false,"footnotes":""},"class_list":{"0":"post-2415","1":"page","2":"type-page","3":"status-publish","4":"has-post-thumbnail","6":"infinite-scroll-item","7":"no-featured-image-padding"},"acf":[],"yoast_head":"<!-- This site is optimized with the Yoast SEO plugin v27.3 - https:\/\/yoast.com\/product\/yoast-seo-wordpress\/ -->\n<title>Contact - Seal King<\/title>\n<meta name=\"robots\" content=\"index, follow, max-snippet:-1, max-image-preview:large, max-video-preview:-1\" \/>\n<link rel=\"canonical\" href=\"https:\/\/sealking.ca\/fr\/contact\/\" \/>\n<meta property=\"og:locale\" content=\"fr_FR\" \/>\n<meta property=\"og:type\" content=\"article\" \/>\n<meta property=\"og:title\" content=\"Contact - Seal King\" \/>\n<meta property=\"og:description\" content=\"Vous avez d&rsquo;autres questions ou des inqui\u00e9tudes concernant les scellants Seal King, les nettoyants, les processus de scellement ou l&rsquo;entreprise en g\u00e9n\u00e9ral ? T\u00e9l\u00e9phone :1-833-993-7325 (SEAL) Fax :(1) 905-799-6362 Bureau :7134 Wellington Road County Road #124 SouthGuelph, ON N1H 6N3 Les commentaires ou questions sont les bienvenus. Les champs marqu\u00e9s d&rsquo;un * sont obligatoires\" \/>\n<meta property=\"og:url\" content=\"https:\/\/sealking.ca\/fr\/contact\/\" \/>\n<meta property=\"og:site_name\" content=\"Seal King\" \/>\n<meta property=\"article:publisher\" content=\"https:\/\/www.facebook.com\/SealKingInc\" \/>\n<meta property=\"article:modified_time\" content=\"2024-08-16T02:40:00+00:00\" \/>\n<meta property=\"og:image\" content=\"https:\/\/sealking.livetesting.ca\/wp-content\/uploads\/2024\/03\/Contact.webp\" \/>\n\t<meta property=\"og:image:width\" content=\"2048\" \/>\n\t<meta property=\"og:image:height\" content=\"790\" \/>\n\t<meta property=\"og:image:type\" content=\"image\/webp\" \/>\n<meta name=\"twitter:card\" content=\"summary_large_image\" \/>\n<meta name=\"twitter:site\" content=\"@SealKingInc\" \/>\n<meta name=\"twitter:label1\" content=\"Dur\u00e9e de lecture estim\u00e9e\" \/>\n\t<meta name=\"twitter:data1\" content=\"1 minute\" \/>\n<script type=\"application\/ld+json\" class=\"yoast-schema-graph\">{\"@context\":\"https:\\\/\\\/schema.org\",\"@graph\":[{\"@type\":\"WebPage\",\"@id\":\"https:\\\/\\\/sealking.ca\\\/fr\\\/contact\\\/\",\"url\":\"https:\\\/\\\/sealking.ca\\\/fr\\\/contact\\\/\",\"name\":\"Contact - Seal King\",\"isPartOf\":{\"@id\":\"https:\\\/\\\/sealking.ca\\\/fr\\\/#website\"},\"primaryImageOfPage\":{\"@id\":\"https:\\\/\\\/sealking.ca\\\/fr\\\/contact\\\/#primaryimage\"},\"image\":{\"@id\":\"https:\\\/\\\/sealking.ca\\\/fr\\\/contact\\\/#primaryimage\"},\"thumbnailUrl\":\"https:\\\/\\\/sealking.ca\\\/wp-content\\\/uploads\\\/2024\\\/03\\\/Contact.webp\",\"datePublished\":\"2022-09-23T01:53:11+00:00\",\"dateModified\":\"2024-08-16T02:40:00+00:00\",\"breadcrumb\":{\"@id\":\"https:\\\/\\\/sealking.ca\\\/fr\\\/contact\\\/#breadcrumb\"},\"inLanguage\":\"fr-FR\",\"potentialAction\":[{\"@type\":\"ReadAction\",\"target\":[\"https:\\\/\\\/sealking.ca\\\/fr\\\/contact\\\/\"]}]},{\"@type\":\"ImageObject\",\"inLanguage\":\"fr-FR\",\"@id\":\"https:\\\/\\\/sealking.ca\\\/fr\\\/contact\\\/#primaryimage\",\"url\":\"https:\\\/\\\/sealking.ca\\\/wp-content\\\/uploads\\\/2024\\\/03\\\/Contact.webp\",\"contentUrl\":\"https:\\\/\\\/sealking.ca\\\/wp-content\\\/uploads\\\/2024\\\/03\\\/Contact.webp\",\"width\":2048,\"height\":790},{\"@type\":\"BreadcrumbList\",\"@id\":\"https:\\\/\\\/sealking.ca\\\/fr\\\/contact\\\/#breadcrumb\",\"itemListElement\":[{\"@type\":\"ListItem\",\"position\":1,\"name\":\"Home\",\"item\":\"https:\\\/\\\/sealking.ca\\\/fr\\\/\"},{\"@type\":\"ListItem\",\"position\":2,\"name\":\"Contact\"}]},{\"@type\":\"WebSite\",\"@id\":\"https:\\\/\\\/sealking.ca\\\/fr\\\/#website\",\"url\":\"https:\\\/\\\/sealking.ca\\\/fr\\\/\",\"name\":\"Seal King\",\"description\":\"Manufacturer of Paving Stone Sealer, Natural Stone Sealer, Concrete Sealer, Impressed Concrete Sealer, Asphalt Sealer, Wood Sealer, and Surface Cleaners.\",\"publisher\":{\"@id\":\"https:\\\/\\\/sealking.ca\\\/fr\\\/#organization\"},\"potentialAction\":[{\"@type\":\"SearchAction\",\"target\":{\"@type\":\"EntryPoint\",\"urlTemplate\":\"https:\\\/\\\/sealking.ca\\\/fr\\\/?s={search_term_string}\"},\"query-input\":{\"@type\":\"PropertyValueSpecification\",\"valueRequired\":true,\"valueName\":\"search_term_string\"}}],\"inLanguage\":\"fr-FR\"},{\"@type\":\"Organization\",\"@id\":\"https:\\\/\\\/sealking.ca\\\/fr\\\/#organization\",\"name\":\"Seal King\",\"url\":\"https:\\\/\\\/sealking.ca\\\/fr\\\/\",\"logo\":{\"@type\":\"ImageObject\",\"inLanguage\":\"fr-FR\",\"@id\":\"https:\\\/\\\/sealking.ca\\\/fr\\\/#\\\/schema\\\/logo\\\/image\\\/\",\"url\":\"https:\\\/\\\/sealking.ca\\\/wp-content\\\/uploads\\\/2022\\\/07\\\/sealking-logo.png\",\"contentUrl\":\"https:\\\/\\\/sealking.ca\\\/wp-content\\\/uploads\\\/2022\\\/07\\\/sealking-logo.png\",\"width\":326,\"height\":114,\"caption\":\"Seal King\"},\"image\":{\"@id\":\"https:\\\/\\\/sealking.ca\\\/fr\\\/#\\\/schema\\\/logo\\\/image\\\/\"},\"sameAs\":[\"https:\\\/\\\/www.facebook.com\\\/SealKingInc\",\"https:\\\/\\\/x.com\\\/SealKingInc\"]}]}<\/script>\n<!-- \/ Yoast SEO plugin. -->","yoast_head_json":{"title":"Contact - Seal King","robots":{"index":"index","follow":"follow","max-snippet":"max-snippet:-1","max-image-preview":"max-image-preview:large","max-video-preview":"max-video-preview:-1"},"canonical":"https:\/\/sealking.ca\/fr\/contact\/","og_locale":"fr_FR","og_type":"article","og_title":"Contact - Seal King","og_description":"Vous avez d&rsquo;autres questions ou des inqui\u00e9tudes concernant les scellants Seal King, les nettoyants, les processus de scellement ou l&rsquo;entreprise en g\u00e9n\u00e9ral ? T\u00e9l\u00e9phone :1-833-993-7325 (SEAL) Fax :(1) 905-799-6362 Bureau :7134 Wellington Road County Road #124 SouthGuelph, ON N1H 6N3 Les commentaires ou questions sont les bienvenus. Les champs marqu\u00e9s d&rsquo;un * sont obligatoires","og_url":"https:\/\/sealking.ca\/fr\/contact\/","og_site_name":"Seal King","article_publisher":"https:\/\/www.facebook.com\/SealKingInc","article_modified_time":"2024-08-16T02:40:00+00:00","og_image":[{"width":2048,"height":790,"url":"https:\/\/sealking.livetesting.ca\/wp-content\/uploads\/2024\/03\/Contact.webp","type":"image\/webp"}],"twitter_card":"summary_large_image","twitter_site":"@SealKingInc","twitter_misc":{"Dur\u00e9e de lecture estim\u00e9e":"1 minute"},"schema":{"@context":"https:\/\/schema.org","@graph":[{"@type":"WebPage","@id":"https:\/\/sealking.ca\/fr\/contact\/","url":"https:\/\/sealking.ca\/fr\/contact\/","name":"Contact - Seal King","isPartOf":{"@id":"https:\/\/sealking.ca\/fr\/#website"},"primaryImageOfPage":{"@id":"https:\/\/sealking.ca\/fr\/contact\/#primaryimage"},"image":{"@id":"https:\/\/sealking.ca\/fr\/contact\/#primaryimage"},"thumbnailUrl":"https:\/\/sealking.ca\/wp-content\/uploads\/2024\/03\/Contact.webp","datePublished":"2022-09-23T01:53:11+00:00","dateModified":"2024-08-16T02:40:00+00:00","breadcrumb":{"@id":"https:\/\/sealking.ca\/fr\/contact\/#breadcrumb"},"inLanguage":"fr-FR","potentialAction":[{"@type":"ReadAction","target":["https:\/\/sealking.ca\/fr\/contact\/"]}]},{"@type":"ImageObject","inLanguage":"fr-FR","@id":"https:\/\/sealking.ca\/fr\/contact\/#primaryimage","url":"https:\/\/sealking.ca\/wp-content\/uploads\/2024\/03\/Contact.webp","contentUrl":"https:\/\/sealking.ca\/wp-content\/uploads\/2024\/03\/Contact.webp","width":2048,"height":790},{"@type":"BreadcrumbList","@id":"https:\/\/sealking.ca\/fr\/contact\/#breadcrumb","itemListElement":[{"@type":"ListItem","position":1,"name":"Home","item":"https:\/\/sealking.ca\/fr\/"},{"@type":"ListItem","position":2,"name":"Contact"}]},{"@type":"WebSite","@id":"https:\/\/sealking.ca\/fr\/#website","url":"https:\/\/sealking.ca\/fr\/","name":"Seal King","description":"Manufacturer of Paving Stone Sealer, Natural Stone Sealer, Concrete Sealer, Impressed Concrete Sealer, Asphalt Sealer, Wood Sealer, and Surface Cleaners.","publisher":{"@id":"https:\/\/sealking.ca\/fr\/#organization"},"potentialAction":[{"@type":"SearchAction","target":{"@type":"EntryPoint","urlTemplate":"https:\/\/sealking.ca\/fr\/?s={search_term_string}"},"query-input":{"@type":"PropertyValueSpecification","valueRequired":true,"valueName":"search_term_string"}}],"inLanguage":"fr-FR"},{"@type":"Organization","@id":"https:\/\/sealking.ca\/fr\/#organization","name":"Seal King","url":"https:\/\/sealking.ca\/fr\/","logo":{"@type":"ImageObject","inLanguage":"fr-FR","@id":"https:\/\/sealking.ca\/fr\/#\/schema\/logo\/image\/","url":"https:\/\/sealking.ca\/wp-content\/uploads\/2022\/07\/sealking-logo.png","contentUrl":"https:\/\/sealking.ca\/wp-content\/uploads\/2022\/07\/sealking-logo.png","width":326,"height":114,"caption":"Seal King"},"image":{"@id":"https:\/\/sealking.ca\/fr\/#\/schema\/logo\/image\/"},"sameAs":["https:\/\/www.facebook.com\/SealKingInc","https:\/\/x.com\/SealKingInc"]}]}},"_links":{"self":[{"href":"https:\/\/sealking.ca\/fr\/wp-json\/wp\/v2\/pages\/2415","targetHints":{"allow":["GET"]}}],"collection":[{"href":"https:\/\/sealking.ca\/fr\/wp-json\/wp\/v2\/pages"}],"about":[{"href":"https:\/\/sealking.ca\/fr\/wp-json\/wp\/v2\/types\/page"}],"author":[{"embeddable":true,"href":"https:\/\/sealking.ca\/fr\/wp-json\/wp\/v2\/users\/1"}],"replies":[{"embeddable":true,"href":"https:\/\/sealking.ca\/fr\/wp-json\/wp\/v2\/comments?post=2415"}],"version-history":[{"count":0,"href":"https:\/\/sealking.ca\/fr\/wp-json\/wp\/v2\/pages\/2415\/revisions"}],"wp:featuredmedia":[{"embeddable":true,"href":"https:\/\/sealking.ca\/fr\/wp-json\/wp\/v2\/media\/2358"}],"wp:attachment":[{"href":"https:\/\/sealking.ca\/fr\/wp-json\/wp\/v2\/media?parent=2415"}],"curies":[{"name":"wp","href":"https:\/\/api.w.org\/{rel}","templated":true}]}}