{"id":2413,"date":"2022-07-17T22:05:07","date_gmt":"2022-07-18T02:05:07","guid":{"rendered":"https:\/\/sealking.ca\/entreprise\/"},"modified":"2024-08-13T18:52:17","modified_gmt":"2024-08-13T22:52:17","slug":"entreprise","status":"publish","type":"page","link":"https:\/\/sealking.ca\/fr\/entreprise\/","title":{"rendered":"Entreprise"},"content":{"rendered":"<div class=\"gb-container gb-container-dd2b78b7\"><div class=\"gb-inside-container\">\n\n<h2 class=\"wp-block-heading\">APER\u00c7U DE L&rsquo;ENTREPRISE<\/h2>\n\n\n\n<h3 class=\"wp-block-heading\"><strong>Accompagner notre croissance avec vous. <\/strong><\/h3>\n\n\n\n<p>La marque Seal King a \u00e9t\u00e9 cr\u00e9\u00e9e en 1998 et est actuellement distribu\u00e9e dans plus de 230 sites en Am\u00e9rique du Nord. Tous nos produits sont con\u00e7us, fabriqu\u00e9s et emball\u00e9s \u00e0 Toronto, en Ontario et \u00e0 Orlando, en Floride. Notre mission est de faire de la marque Seal King un nom de r\u00e9f\u00e9rence, synonyme de qualit\u00e9 et appr\u00e9ci\u00e9 tant par les amateurs de bricolage que par les professionnels de l&rsquo;am\u00e9nagement paysager.<br\/><br\/>Notre philosophie de croissance repose sur la construction et le renforcement des relations avec nos distributeurs, tout en formant et en impliquant nos utilisateurs finaux \u00e0 travers divers m\u00e9dias. Si vous progressez, nous progressons, c&rsquo;est aussi simple que cela. Nous croyons fermement qu&rsquo;aider nos distributeurs \u00e0 vendre et soutenir la marque Seal King cr\u00e9era une valeur ajout\u00e9e pour l&rsquo;utilisateur final et, finalement, donnera un r\u00e9sultat mutuellement b\u00e9n\u00e9fique.<br\/> <br\/>La marque Seal King est &#8211; et continue de construire sa r\u00e9putation &#8211; le meilleur scellant de sa cat\u00e9gorie.<\/p>\n\n<\/div><\/div>","protected":false},"excerpt":{"rendered":"<p>APER\u00c7U DE L&rsquo;ENTREPRISE Accompagner notre croissance avec vous. La marque Seal King a \u00e9t\u00e9 cr\u00e9\u00e9e en 1998 et est actuellement distribu\u00e9e dans plus de 230 sites en Am\u00e9rique du Nord. Tous nos produits sont con\u00e7us, fabriqu\u00e9s et emball\u00e9s \u00e0 Toronto, en Ontario et \u00e0 Orlando, en Floride. Notre mission est de faire de la marque &#8230; <\/p>\n<p class=\"read-more-container\"><a title=\"Entreprise\" class=\"read-more button\" href=\"https:\/\/sealking.ca\/fr\/entreprise\/#more-2413\" aria-label=\"En savoir plus sur Entreprise\">Continue<\/a><\/p>\n","protected":false},"author":1,"featured_media":2356,"parent":0,"menu_order":0,"comment_status":"closed","ping_status":"closed","template":"","meta":{"_acf_changed":false,"footnotes":""},"class_list":{"0":"post-2413","1":"page","2":"type-page","3":"status-publish","4":"has-post-thumbnail","6":"infinite-scroll-item","7":"no-featured-image-padding"},"acf":[],"yoast_head":"<!-- This site is optimized with the Yoast SEO plugin v27.3 - https:\/\/yoast.com\/product\/yoast-seo-wordpress\/ -->\n<title>Entreprise - Seal King<\/title>\n<meta name=\"robots\" content=\"index, follow, max-snippet:-1, max-image-preview:large, max-video-preview:-1\" \/>\n<link rel=\"canonical\" href=\"https:\/\/sealking.ca\/fr\/entreprise\/\" \/>\n<meta property=\"og:locale\" content=\"fr_FR\" \/>\n<meta property=\"og:type\" content=\"article\" \/>\n<meta property=\"og:title\" content=\"Entreprise - Seal King\" \/>\n<meta property=\"og:description\" content=\"APER\u00c7U DE L&rsquo;ENTREPRISE Accompagner notre croissance avec vous. La marque Seal King a \u00e9t\u00e9 cr\u00e9\u00e9e en 1998 et est actuellement distribu\u00e9e dans plus de 230 sites en Am\u00e9rique du Nord. Tous nos produits sont con\u00e7us, fabriqu\u00e9s et emball\u00e9s \u00e0 Toronto, en Ontario et \u00e0 Orlando, en Floride. Notre mission est de faire de la marque ... Continue\" \/>\n<meta property=\"og:url\" content=\"https:\/\/sealking.ca\/fr\/entreprise\/\" \/>\n<meta property=\"og:site_name\" content=\"Seal King\" \/>\n<meta property=\"article:publisher\" content=\"https:\/\/www.facebook.com\/SealKingInc\" \/>\n<meta property=\"article:modified_time\" content=\"2024-08-13T22:52:17+00:00\" \/>\n<meta property=\"og:image\" content=\"https:\/\/sealking.livetesting.ca\/wp-content\/uploads\/2024\/03\/Company.webp\" \/>\n\t<meta property=\"og:image:width\" content=\"2048\" \/>\n\t<meta property=\"og:image:height\" content=\"790\" \/>\n\t<meta property=\"og:image:type\" content=\"image\/webp\" \/>\n<meta name=\"twitter:card\" content=\"summary_large_image\" \/>\n<meta name=\"twitter:site\" content=\"@SealKingInc\" \/>\n<meta name=\"twitter:label1\" content=\"Dur\u00e9e de lecture estim\u00e9e\" \/>\n\t<meta name=\"twitter:data1\" content=\"1 minute\" \/>\n<script type=\"application\/ld+json\" class=\"yoast-schema-graph\">{\"@context\":\"https:\\\/\\\/schema.org\",\"@graph\":[{\"@type\":\"WebPage\",\"@id\":\"https:\\\/\\\/sealking.ca\\\/fr\\\/entreprise\\\/\",\"url\":\"https:\\\/\\\/sealking.ca\\\/fr\\\/entreprise\\\/\",\"name\":\"Entreprise - Seal King\",\"isPartOf\":{\"@id\":\"https:\\\/\\\/sealking.ca\\\/fr\\\/#website\"},\"primaryImageOfPage\":{\"@id\":\"https:\\\/\\\/sealking.ca\\\/fr\\\/entreprise\\\/#primaryimage\"},\"image\":{\"@id\":\"https:\\\/\\\/sealking.ca\\\/fr\\\/entreprise\\\/#primaryimage\"},\"thumbnailUrl\":\"https:\\\/\\\/sealking.ca\\\/wp-content\\\/uploads\\\/2024\\\/03\\\/Company.webp\",\"datePublished\":\"2022-07-18T02:05:07+00:00\",\"dateModified\":\"2024-08-13T22:52:17+00:00\",\"breadcrumb\":{\"@id\":\"https:\\\/\\\/sealking.ca\\\/fr\\\/entreprise\\\/#breadcrumb\"},\"inLanguage\":\"fr-FR\",\"potentialAction\":[{\"@type\":\"ReadAction\",\"target\":[\"https:\\\/\\\/sealking.ca\\\/fr\\\/entreprise\\\/\"]}]},{\"@type\":\"ImageObject\",\"inLanguage\":\"fr-FR\",\"@id\":\"https:\\\/\\\/sealking.ca\\\/fr\\\/entreprise\\\/#primaryimage\",\"url\":\"https:\\\/\\\/sealking.ca\\\/wp-content\\\/uploads\\\/2024\\\/03\\\/Company.webp\",\"contentUrl\":\"https:\\\/\\\/sealking.ca\\\/wp-content\\\/uploads\\\/2024\\\/03\\\/Company.webp\",\"width\":2048,\"height\":790},{\"@type\":\"BreadcrumbList\",\"@id\":\"https:\\\/\\\/sealking.ca\\\/fr\\\/entreprise\\\/#breadcrumb\",\"itemListElement\":[{\"@type\":\"ListItem\",\"position\":1,\"name\":\"Home\",\"item\":\"https:\\\/\\\/sealking.ca\\\/fr\\\/\"},{\"@type\":\"ListItem\",\"position\":2,\"name\":\"Entreprise\"}]},{\"@type\":\"WebSite\",\"@id\":\"https:\\\/\\\/sealking.ca\\\/fr\\\/#website\",\"url\":\"https:\\\/\\\/sealking.ca\\\/fr\\\/\",\"name\":\"Seal King\",\"description\":\"Manufacturer of Paving Stone Sealer, Natural Stone Sealer, Concrete Sealer, Impressed Concrete Sealer, Asphalt Sealer, Wood Sealer, and Surface Cleaners.\",\"publisher\":{\"@id\":\"https:\\\/\\\/sealking.ca\\\/fr\\\/#organization\"},\"potentialAction\":[{\"@type\":\"SearchAction\",\"target\":{\"@type\":\"EntryPoint\",\"urlTemplate\":\"https:\\\/\\\/sealking.ca\\\/fr\\\/?s={search_term_string}\"},\"query-input\":{\"@type\":\"PropertyValueSpecification\",\"valueRequired\":true,\"valueName\":\"search_term_string\"}}],\"inLanguage\":\"fr-FR\"},{\"@type\":\"Organization\",\"@id\":\"https:\\\/\\\/sealking.ca\\\/fr\\\/#organization\",\"name\":\"Seal King\",\"url\":\"https:\\\/\\\/sealking.ca\\\/fr\\\/\",\"logo\":{\"@type\":\"ImageObject\",\"inLanguage\":\"fr-FR\",\"@id\":\"https:\\\/\\\/sealking.ca\\\/fr\\\/#\\\/schema\\\/logo\\\/image\\\/\",\"url\":\"https:\\\/\\\/sealking.ca\\\/wp-content\\\/uploads\\\/2022\\\/07\\\/sealking-logo.png\",\"contentUrl\":\"https:\\\/\\\/sealking.ca\\\/wp-content\\\/uploads\\\/2022\\\/07\\\/sealking-logo.png\",\"width\":326,\"height\":114,\"caption\":\"Seal King\"},\"image\":{\"@id\":\"https:\\\/\\\/sealking.ca\\\/fr\\\/#\\\/schema\\\/logo\\\/image\\\/\"},\"sameAs\":[\"https:\\\/\\\/www.facebook.com\\\/SealKingInc\",\"https:\\\/\\\/x.com\\\/SealKingInc\"]}]}<\/script>\n<!-- \/ Yoast SEO plugin. -->","yoast_head_json":{"title":"Entreprise - Seal King","robots":{"index":"index","follow":"follow","max-snippet":"max-snippet:-1","max-image-preview":"max-image-preview:large","max-video-preview":"max-video-preview:-1"},"canonical":"https:\/\/sealking.ca\/fr\/entreprise\/","og_locale":"fr_FR","og_type":"article","og_title":"Entreprise - Seal King","og_description":"APER\u00c7U DE L&rsquo;ENTREPRISE Accompagner notre croissance avec vous. La marque Seal King a \u00e9t\u00e9 cr\u00e9\u00e9e en 1998 et est actuellement distribu\u00e9e dans plus de 230 sites en Am\u00e9rique du Nord. Tous nos produits sont con\u00e7us, fabriqu\u00e9s et emball\u00e9s \u00e0 Toronto, en Ontario et \u00e0 Orlando, en Floride. Notre mission est de faire de la marque ... Continue","og_url":"https:\/\/sealking.ca\/fr\/entreprise\/","og_site_name":"Seal King","article_publisher":"https:\/\/www.facebook.com\/SealKingInc","article_modified_time":"2024-08-13T22:52:17+00:00","og_image":[{"width":2048,"height":790,"url":"https:\/\/sealking.livetesting.ca\/wp-content\/uploads\/2024\/03\/Company.webp","type":"image\/webp"}],"twitter_card":"summary_large_image","twitter_site":"@SealKingInc","twitter_misc":{"Dur\u00e9e de lecture estim\u00e9e":"1 minute"},"schema":{"@context":"https:\/\/schema.org","@graph":[{"@type":"WebPage","@id":"https:\/\/sealking.ca\/fr\/entreprise\/","url":"https:\/\/sealking.ca\/fr\/entreprise\/","name":"Entreprise - Seal King","isPartOf":{"@id":"https:\/\/sealking.ca\/fr\/#website"},"primaryImageOfPage":{"@id":"https:\/\/sealking.ca\/fr\/entreprise\/#primaryimage"},"image":{"@id":"https:\/\/sealking.ca\/fr\/entreprise\/#primaryimage"},"thumbnailUrl":"https:\/\/sealking.ca\/wp-content\/uploads\/2024\/03\/Company.webp","datePublished":"2022-07-18T02:05:07+00:00","dateModified":"2024-08-13T22:52:17+00:00","breadcrumb":{"@id":"https:\/\/sealking.ca\/fr\/entreprise\/#breadcrumb"},"inLanguage":"fr-FR","potentialAction":[{"@type":"ReadAction","target":["https:\/\/sealking.ca\/fr\/entreprise\/"]}]},{"@type":"ImageObject","inLanguage":"fr-FR","@id":"https:\/\/sealking.ca\/fr\/entreprise\/#primaryimage","url":"https:\/\/sealking.ca\/wp-content\/uploads\/2024\/03\/Company.webp","contentUrl":"https:\/\/sealking.ca\/wp-content\/uploads\/2024\/03\/Company.webp","width":2048,"height":790},{"@type":"BreadcrumbList","@id":"https:\/\/sealking.ca\/fr\/entreprise\/#breadcrumb","itemListElement":[{"@type":"ListItem","position":1,"name":"Home","item":"https:\/\/sealking.ca\/fr\/"},{"@type":"ListItem","position":2,"name":"Entreprise"}]},{"@type":"WebSite","@id":"https:\/\/sealking.ca\/fr\/#website","url":"https:\/\/sealking.ca\/fr\/","name":"Seal King","description":"Manufacturer of Paving Stone Sealer, Natural Stone Sealer, Concrete Sealer, Impressed Concrete Sealer, Asphalt Sealer, Wood Sealer, and Surface Cleaners.","publisher":{"@id":"https:\/\/sealking.ca\/fr\/#organization"},"potentialAction":[{"@type":"SearchAction","target":{"@type":"EntryPoint","urlTemplate":"https:\/\/sealking.ca\/fr\/?s={search_term_string}"},"query-input":{"@type":"PropertyValueSpecification","valueRequired":true,"valueName":"search_term_string"}}],"inLanguage":"fr-FR"},{"@type":"Organization","@id":"https:\/\/sealking.ca\/fr\/#organization","name":"Seal King","url":"https:\/\/sealking.ca\/fr\/","logo":{"@type":"ImageObject","inLanguage":"fr-FR","@id":"https:\/\/sealking.ca\/fr\/#\/schema\/logo\/image\/","url":"https:\/\/sealking.ca\/wp-content\/uploads\/2022\/07\/sealking-logo.png","contentUrl":"https:\/\/sealking.ca\/wp-content\/uploads\/2022\/07\/sealking-logo.png","width":326,"height":114,"caption":"Seal King"},"image":{"@id":"https:\/\/sealking.ca\/fr\/#\/schema\/logo\/image\/"},"sameAs":["https:\/\/www.facebook.com\/SealKingInc","https:\/\/x.com\/SealKingInc"]}]}},"_links":{"self":[{"href":"https:\/\/sealking.ca\/fr\/wp-json\/wp\/v2\/pages\/2413","targetHints":{"allow":["GET"]}}],"collection":[{"href":"https:\/\/sealking.ca\/fr\/wp-json\/wp\/v2\/pages"}],"about":[{"href":"https:\/\/sealking.ca\/fr\/wp-json\/wp\/v2\/types\/page"}],"author":[{"embeddable":true,"href":"https:\/\/sealking.ca\/fr\/wp-json\/wp\/v2\/users\/1"}],"replies":[{"embeddable":true,"href":"https:\/\/sealking.ca\/fr\/wp-json\/wp\/v2\/comments?post=2413"}],"version-history":[{"count":0,"href":"https:\/\/sealking.ca\/fr\/wp-json\/wp\/v2\/pages\/2413\/revisions"}],"wp:featuredmedia":[{"embeddable":true,"href":"https:\/\/sealking.ca\/fr\/wp-json\/wp\/v2\/media\/2356"}],"wp:attachment":[{"href":"https:\/\/sealking.ca\/fr\/wp-json\/wp\/v2\/media?parent=2413"}],"curies":[{"name":"wp","href":"https:\/\/api.w.org\/{rel}","templated":true}]}}