{"id":2408,"date":"2022-09-22T20:52:24","date_gmt":"2022-09-23T00:52:24","guid":{"rendered":"https:\/\/sealking.ca\/ou-acheter\/"},"modified":"2024-08-14T21:22:37","modified_gmt":"2024-08-15T01:22:37","slug":"ou-acheter","status":"publish","type":"page","link":"https:\/\/sealking.ca\/fr\/ou-acheter\/","title":{"rendered":"O\u00f9 acheter"},"content":{"rendered":"\n<div style=\"height:45px\" aria-hidden=\"true\" class=\"wp-block-spacer\"><\/div>\n\n<h2 class=\"gb-headline gb-headline-9f7fd360 gb-headline-text\">Nous distribuons partout au Canada et aux \u00c9tats-Unis.<\/h2>\n\n<p class=\"gb-headline gb-headline-abe96553 gb-headline-text\">Veuillez entrer votre adresse compl\u00e8te pour une recherche plus pr\u00e9cise de l&#8217;emplacement du magasin.<\/p>\n\n\n    <div id=\"sealbuy\" class=\"nopad\">\n        \n        <div id=\"sealbuy-search\" class=\"\">\n            <div>\n                <input id=\"location\" type=\"text\" value=\"Columbus\"><button id=\"geo\" type=\"button\">Search Locations<\/button>\n            <\/div>\n            <div>\n                <div>\n                    <input type=\"radio\" name=\"country\" id=\"country_can\" value=\"Canada\" > <label for=\"country_can\">Canada<\/label>\n                <\/div>\n                <div>\n                    <input type=\"radio\" name=\"country\" id=\"country_usa\" value=\"USA\" > <label for=\"country_usa\">U.S.<\/label>\n                <\/div>\n            <\/div>\n        <\/div>\n        <div id=\"sealbuy-listings\">\n            Nous n'avons pu trouver aucun de nos 250 partenaires commerciaux dans un rayon de 60 miles \/ 100 kilom\u00e8tres de votre emplacement. S'il vous pla\u00eet <a href=\"https:\/\/sealking.livetesting.ca\/contact\/\" style=\"text-decoration: underline;\">Contactez-nous<\/a> pour vos options d'achat.<p><\/p>        <\/div>\n            <\/div>\n    <script>\n        jQuery(document).ready(function($){\n\n            $(\"#geo\").click(function(){\n\n                let location = $(\"#location\").val();\n                let country = $('input[name=\"country\"]:checked').val();\n\n                console.log(\"SEARCH: \" + location);\n                console.log(\"COUNTRY: \" + country);\n\n                if (location) {\n\n                    let search = location + \" \" + country;\n\n                    let geocoder = new google.maps.Geocoder();\n                    geocoder.geocode({'address': search}, function (results, status) {\n                        if (status == google.maps.GeocoderStatus.OK) {\n\n                            let data = {\n                                location:location,\n                                country:results[0].formatted_address.split(',').pop().trim(),\n                                lat:results[0].geometry.location.lat(),\n                                lon:results[0].geometry.location.lng()\n                            };\n\n                            window.location.replace('?search=' + btoa(JSON.stringify(data)));\n\n                        } else {\n                            console.log(\"Something got wrong \" + status);\n                        }\n                    });\n                }\n            });\n        });\n    <\/script>\n\n    \n","protected":false},"excerpt":{"rendered":"<p>Nous distribuons partout au Canada et aux \u00c9tats-Unis. Veuillez entrer votre adresse compl\u00e8te pour une recherche plus pr\u00e9cise de l&#8217;emplacement du magasin.<\/p>\n","protected":false},"author":1,"featured_media":2357,"parent":0,"menu_order":0,"comment_status":"closed","ping_status":"closed","template":"","meta":{"_acf_changed":false,"footnotes":""},"class_list":{"0":"post-2408","1":"page","2":"type-page","3":"status-publish","4":"has-post-thumbnail","6":"infinite-scroll-item","7":"no-featured-image-padding"},"acf":[],"yoast_head":"<!-- This site is optimized with the Yoast SEO plugin v27.3 - https:\/\/yoast.com\/product\/yoast-seo-wordpress\/ -->\n<title>O\u00f9 acheter - Seal King<\/title>\n<meta name=\"robots\" content=\"index, follow, max-snippet:-1, max-image-preview:large, max-video-preview:-1\" \/>\n<link rel=\"canonical\" href=\"https:\/\/sealking.ca\/fr\/ou-acheter\/\" \/>\n<meta property=\"og:locale\" content=\"fr_FR\" \/>\n<meta property=\"og:type\" content=\"article\" \/>\n<meta property=\"og:title\" content=\"O\u00f9 acheter - Seal King\" \/>\n<meta property=\"og:description\" content=\"Nous distribuons partout au Canada et aux \u00c9tats-Unis. Veuillez entrer votre adresse compl\u00e8te pour une recherche plus pr\u00e9cise de l&#8217;emplacement du magasin.\" \/>\n<meta property=\"og:url\" content=\"https:\/\/sealking.ca\/fr\/ou-acheter\/\" \/>\n<meta property=\"og:site_name\" content=\"Seal King\" \/>\n<meta property=\"article:publisher\" content=\"https:\/\/www.facebook.com\/SealKingInc\" \/>\n<meta property=\"article:modified_time\" content=\"2024-08-15T01:22:37+00:00\" \/>\n<meta property=\"og:image\" content=\"https:\/\/sealking.livetesting.ca\/wp-content\/uploads\/2024\/03\/Where-to-Buy.webp\" \/>\n\t<meta property=\"og:image:width\" content=\"2048\" \/>\n\t<meta property=\"og:image:height\" content=\"790\" \/>\n\t<meta property=\"og:image:type\" content=\"image\/webp\" \/>\n<meta name=\"twitter:card\" content=\"summary_large_image\" \/>\n<meta name=\"twitter:site\" content=\"@SealKingInc\" \/>\n<script type=\"application\/ld+json\" class=\"yoast-schema-graph\">{\"@context\":\"https:\\\/\\\/schema.org\",\"@graph\":[{\"@type\":\"WebPage\",\"@id\":\"https:\\\/\\\/sealking.ca\\\/fr\\\/ou-acheter\\\/\",\"url\":\"https:\\\/\\\/sealking.ca\\\/fr\\\/ou-acheter\\\/\",\"name\":\"O\u00f9 acheter - Seal King\",\"isPartOf\":{\"@id\":\"https:\\\/\\\/sealking.ca\\\/fr\\\/#website\"},\"primaryImageOfPage\":{\"@id\":\"https:\\\/\\\/sealking.ca\\\/fr\\\/ou-acheter\\\/#primaryimage\"},\"image\":{\"@id\":\"https:\\\/\\\/sealking.ca\\\/fr\\\/ou-acheter\\\/#primaryimage\"},\"thumbnailUrl\":\"https:\\\/\\\/sealking.ca\\\/wp-content\\\/uploads\\\/2024\\\/03\\\/Where-to-Buy.webp\",\"datePublished\":\"2022-09-23T00:52:24+00:00\",\"dateModified\":\"2024-08-15T01:22:37+00:00\",\"breadcrumb\":{\"@id\":\"https:\\\/\\\/sealking.ca\\\/fr\\\/ou-acheter\\\/#breadcrumb\"},\"inLanguage\":\"fr-FR\",\"potentialAction\":[{\"@type\":\"ReadAction\",\"target\":[\"https:\\\/\\\/sealking.ca\\\/fr\\\/ou-acheter\\\/\"]}]},{\"@type\":\"ImageObject\",\"inLanguage\":\"fr-FR\",\"@id\":\"https:\\\/\\\/sealking.ca\\\/fr\\\/ou-acheter\\\/#primaryimage\",\"url\":\"https:\\\/\\\/sealking.ca\\\/wp-content\\\/uploads\\\/2024\\\/03\\\/Where-to-Buy.webp\",\"contentUrl\":\"https:\\\/\\\/sealking.ca\\\/wp-content\\\/uploads\\\/2024\\\/03\\\/Where-to-Buy.webp\",\"width\":2048,\"height\":790},{\"@type\":\"BreadcrumbList\",\"@id\":\"https:\\\/\\\/sealking.ca\\\/fr\\\/ou-acheter\\\/#breadcrumb\",\"itemListElement\":[{\"@type\":\"ListItem\",\"position\":1,\"name\":\"Home\",\"item\":\"https:\\\/\\\/sealking.ca\\\/fr\\\/\"},{\"@type\":\"ListItem\",\"position\":2,\"name\":\"O\u00f9 acheter\"}]},{\"@type\":\"WebSite\",\"@id\":\"https:\\\/\\\/sealking.ca\\\/fr\\\/#website\",\"url\":\"https:\\\/\\\/sealking.ca\\\/fr\\\/\",\"name\":\"Seal King\",\"description\":\"Manufacturer of Paving Stone Sealer, Natural Stone Sealer, Concrete Sealer, Impressed Concrete Sealer, Asphalt Sealer, Wood Sealer, and Surface Cleaners.\",\"publisher\":{\"@id\":\"https:\\\/\\\/sealking.ca\\\/fr\\\/#organization\"},\"potentialAction\":[{\"@type\":\"SearchAction\",\"target\":{\"@type\":\"EntryPoint\",\"urlTemplate\":\"https:\\\/\\\/sealking.ca\\\/fr\\\/?s={search_term_string}\"},\"query-input\":{\"@type\":\"PropertyValueSpecification\",\"valueRequired\":true,\"valueName\":\"search_term_string\"}}],\"inLanguage\":\"fr-FR\"},{\"@type\":\"Organization\",\"@id\":\"https:\\\/\\\/sealking.ca\\\/fr\\\/#organization\",\"name\":\"Seal King\",\"url\":\"https:\\\/\\\/sealking.ca\\\/fr\\\/\",\"logo\":{\"@type\":\"ImageObject\",\"inLanguage\":\"fr-FR\",\"@id\":\"https:\\\/\\\/sealking.ca\\\/fr\\\/#\\\/schema\\\/logo\\\/image\\\/\",\"url\":\"https:\\\/\\\/sealking.ca\\\/wp-content\\\/uploads\\\/2022\\\/07\\\/sealking-logo.png\",\"contentUrl\":\"https:\\\/\\\/sealking.ca\\\/wp-content\\\/uploads\\\/2022\\\/07\\\/sealking-logo.png\",\"width\":326,\"height\":114,\"caption\":\"Seal King\"},\"image\":{\"@id\":\"https:\\\/\\\/sealking.ca\\\/fr\\\/#\\\/schema\\\/logo\\\/image\\\/\"},\"sameAs\":[\"https:\\\/\\\/www.facebook.com\\\/SealKingInc\",\"https:\\\/\\\/x.com\\\/SealKingInc\"]}]}<\/script>\n<!-- \/ Yoast SEO plugin. -->","yoast_head_json":{"title":"O\u00f9 acheter - Seal King","robots":{"index":"index","follow":"follow","max-snippet":"max-snippet:-1","max-image-preview":"max-image-preview:large","max-video-preview":"max-video-preview:-1"},"canonical":"https:\/\/sealking.ca\/fr\/ou-acheter\/","og_locale":"fr_FR","og_type":"article","og_title":"O\u00f9 acheter - Seal King","og_description":"Nous distribuons partout au Canada et aux \u00c9tats-Unis. Veuillez entrer votre adresse compl\u00e8te pour une recherche plus pr\u00e9cise de l&#8217;emplacement du magasin.","og_url":"https:\/\/sealking.ca\/fr\/ou-acheter\/","og_site_name":"Seal King","article_publisher":"https:\/\/www.facebook.com\/SealKingInc","article_modified_time":"2024-08-15T01:22:37+00:00","og_image":[{"width":2048,"height":790,"url":"https:\/\/sealking.livetesting.ca\/wp-content\/uploads\/2024\/03\/Where-to-Buy.webp","type":"image\/webp"}],"twitter_card":"summary_large_image","twitter_site":"@SealKingInc","schema":{"@context":"https:\/\/schema.org","@graph":[{"@type":"WebPage","@id":"https:\/\/sealking.ca\/fr\/ou-acheter\/","url":"https:\/\/sealking.ca\/fr\/ou-acheter\/","name":"O\u00f9 acheter - Seal King","isPartOf":{"@id":"https:\/\/sealking.ca\/fr\/#website"},"primaryImageOfPage":{"@id":"https:\/\/sealking.ca\/fr\/ou-acheter\/#primaryimage"},"image":{"@id":"https:\/\/sealking.ca\/fr\/ou-acheter\/#primaryimage"},"thumbnailUrl":"https:\/\/sealking.ca\/wp-content\/uploads\/2024\/03\/Where-to-Buy.webp","datePublished":"2022-09-23T00:52:24+00:00","dateModified":"2024-08-15T01:22:37+00:00","breadcrumb":{"@id":"https:\/\/sealking.ca\/fr\/ou-acheter\/#breadcrumb"},"inLanguage":"fr-FR","potentialAction":[{"@type":"ReadAction","target":["https:\/\/sealking.ca\/fr\/ou-acheter\/"]}]},{"@type":"ImageObject","inLanguage":"fr-FR","@id":"https:\/\/sealking.ca\/fr\/ou-acheter\/#primaryimage","url":"https:\/\/sealking.ca\/wp-content\/uploads\/2024\/03\/Where-to-Buy.webp","contentUrl":"https:\/\/sealking.ca\/wp-content\/uploads\/2024\/03\/Where-to-Buy.webp","width":2048,"height":790},{"@type":"BreadcrumbList","@id":"https:\/\/sealking.ca\/fr\/ou-acheter\/#breadcrumb","itemListElement":[{"@type":"ListItem","position":1,"name":"Home","item":"https:\/\/sealking.ca\/fr\/"},{"@type":"ListItem","position":2,"name":"O\u00f9 acheter"}]},{"@type":"WebSite","@id":"https:\/\/sealking.ca\/fr\/#website","url":"https:\/\/sealking.ca\/fr\/","name":"Seal King","description":"Manufacturer of Paving Stone Sealer, Natural Stone Sealer, Concrete Sealer, Impressed Concrete Sealer, Asphalt Sealer, Wood Sealer, and Surface Cleaners.","publisher":{"@id":"https:\/\/sealking.ca\/fr\/#organization"},"potentialAction":[{"@type":"SearchAction","target":{"@type":"EntryPoint","urlTemplate":"https:\/\/sealking.ca\/fr\/?s={search_term_string}"},"query-input":{"@type":"PropertyValueSpecification","valueRequired":true,"valueName":"search_term_string"}}],"inLanguage":"fr-FR"},{"@type":"Organization","@id":"https:\/\/sealking.ca\/fr\/#organization","name":"Seal King","url":"https:\/\/sealking.ca\/fr\/","logo":{"@type":"ImageObject","inLanguage":"fr-FR","@id":"https:\/\/sealking.ca\/fr\/#\/schema\/logo\/image\/","url":"https:\/\/sealking.ca\/wp-content\/uploads\/2022\/07\/sealking-logo.png","contentUrl":"https:\/\/sealking.ca\/wp-content\/uploads\/2022\/07\/sealking-logo.png","width":326,"height":114,"caption":"Seal King"},"image":{"@id":"https:\/\/sealking.ca\/fr\/#\/schema\/logo\/image\/"},"sameAs":["https:\/\/www.facebook.com\/SealKingInc","https:\/\/x.com\/SealKingInc"]}]}},"_links":{"self":[{"href":"https:\/\/sealking.ca\/fr\/wp-json\/wp\/v2\/pages\/2408","targetHints":{"allow":["GET"]}}],"collection":[{"href":"https:\/\/sealking.ca\/fr\/wp-json\/wp\/v2\/pages"}],"about":[{"href":"https:\/\/sealking.ca\/fr\/wp-json\/wp\/v2\/types\/page"}],"author":[{"embeddable":true,"href":"https:\/\/sealking.ca\/fr\/wp-json\/wp\/v2\/users\/1"}],"replies":[{"embeddable":true,"href":"https:\/\/sealking.ca\/fr\/wp-json\/wp\/v2\/comments?post=2408"}],"version-history":[{"count":0,"href":"https:\/\/sealking.ca\/fr\/wp-json\/wp\/v2\/pages\/2408\/revisions"}],"wp:featuredmedia":[{"embeddable":true,"href":"https:\/\/sealking.ca\/fr\/wp-json\/wp\/v2\/media\/2357"}],"wp:attachment":[{"href":"https:\/\/sealking.ca\/fr\/wp-json\/wp\/v2\/media?parent=2408"}],"curies":[{"name":"wp","href":"https:\/\/api.w.org\/{rel}","templated":true}]}}