{"id":2391,"date":"2023-10-05T20:05:26","date_gmt":"2023-10-06T00:05:26","guid":{"rendered":"https:\/\/sealking.ca\/politique-de-confidentialite\/"},"modified":"2024-08-13T19:00:03","modified_gmt":"2024-08-13T23:00:03","slug":"politique-de-confidentialite","status":"publish","type":"page","link":"https:\/\/sealking.ca\/fr\/politique-de-confidentialite\/","title":{"rendered":"Politique de confidentialit\u00e9"},"content":{"rendered":"\n<div style=\"height:30px\" aria-hidden=\"true\" class=\"wp-block-spacer\"><\/div>\n\n<p><strong>Derni\u00e8re mise \u00e0 jour :<\/strong> Octobre 2023<\/p>\n\n<h2 class=\"gb-headline gb-headline-10404e56 gb-headline-text\">1. Introduction<\/h2>\n\n<p>Bienvenue \u00e0 Seal King. Votre vie priv\u00e9e est importante pour nous. La pr\u00e9sente politique de confidentialit\u00e9 vise \u00e0 vous informer sur les types d&rsquo;informations que nous recueillons, sur la mani\u00e8re dont nous utilisons, partageons et prot\u00e9geons ces informations et sur les choix que vous pouvez faire concernant l&rsquo;utilisation que nous faisons de ces informations.<\/p>\n\n<h2 class=\"gb-headline gb-headline-9959be8f gb-headline-text\">2. Collecte d&rsquo;informations<\/h2>\n\n<p>Nous pouvons recueillir des informations personnelles, telles que votre nom, votre adresse \u00e9lectronique, votre num\u00e9ro de t\u00e9l\u00e9phone et vos informations de paiement lorsque vous :<br\/>&#8211; Effectuer un achat<br\/>&#8211; Inscrivez-vous \u00e0 notre lettre d&rsquo;information<br\/>&#8211; Contactez-nous pour toute demande de renseignements<\/p>\n\n<p>Nous pouvons \u00e9galement collecter des informations non personnelles, telles que des adresses IP, des analyses de sites web et des cookies afin d&rsquo;am\u00e9liorer l&rsquo;exp\u00e9rience des utilisateurs.<\/p>\n\n<h2 class=\"gb-headline gb-headline-38871a19 gb-headline-text\">3. Utilisation de l&rsquo;information<\/h2>\n\n<p>Nous utilisons les informations collect\u00e9es pour :<br\/>&#8211; Traiter les commandes et livrer les produits<br\/>&#8211; Am\u00e9liorer notre site web et nos services<br\/>&#8211; R\u00e9pondre aux demandes de renseignements et au retour d&rsquo;information<br\/>&#8211; Envoyer des bulletins d&rsquo;information ou du mat\u00e9riel promotionnel, si vous avez choisi de le faire.<\/p>\n\n<h2 class=\"gb-headline gb-headline-a1245bd2 gb-headline-text\">4. Partage et divulgation<\/h2>\n\n<p>Seal King ne vend pas vos informations personnelles. Toutefois, nous pouvons partager vos informations avec des fournisseurs tiers de confiance, notamment pour le traitement des paiements et la diffusion de bulletins d&rsquo;information. Ces tiers doivent respecter des obligations de confidentialit\u00e9 strictes.<\/p>\n\n<h2 class=\"gb-headline gb-headline-b1fdb9b1 gb-headline-text\">5. S\u00e9curit\u00e9 des donn\u00e9es<\/h2>\n\n<p>Nous employons diverses mesures de s\u00e9curit\u00e9 pour prot\u00e9ger vos informations personnelles, notamment des communications s\u00e9curis\u00e9es par SSL, un stockage crypt\u00e9 et des bases de donn\u00e9es s\u00e9curis\u00e9es.<\/p>\n\n<h2 class=\"gb-headline gb-headline-e9ac8211 gb-headline-text\">6. Cookies<\/h2>\n\n<p>Notre site web utilise des cookies pour am\u00e9liorer l&rsquo;exp\u00e9rience de l&rsquo;utilisateur. Vous avez la possibilit\u00e9 de refuser ces cookies en modifiant les param\u00e8tres de votre navigateur.<\/p>\n\n<h2 class=\"gb-headline gb-headline-cf4b3169 gb-headline-text\">7. Liens vers d&rsquo;autres sites web<\/h2>\n\n<p>Notre site web peut contenir des liens vers des sites web de tiers. Nous ne sommes pas responsables des pratiques de confidentialit\u00e9 ou du contenu de ces sites.<\/p>\n\n<h2 class=\"gb-headline gb-headline-8a8c00fd gb-headline-text\">8. Vie priv\u00e9e des enfants<\/h2>\n\n<p>Nos services ne s&rsquo;adressent pas aux enfants de moins de 13 ans et nous ne recueillons pas sciemment d&rsquo;informations personnelles aupr\u00e8s d&rsquo;enfants.<\/p>\n\n<h2 class=\"gb-headline gb-headline-df66c0ea gb-headline-text\">9. Vos choix<\/h2>\n\n<p>Vous pouvez vous d\u00e9sabonner de nos lettres d&rsquo;information \u00e0 tout moment en cliquant sur le lien de d\u00e9sabonnement figurant au bas de nos courriels. Si vous avez un compte chez nous, vous pouvez mettre \u00e0 jour ou supprimer vos informations personnelles en vous connectant \u00e0 votre compte.<\/p>\n\n<h2 class=\"gb-headline gb-headline-4cc923a1 gb-headline-text\">10. Mises \u00e0 jour de la pr\u00e9sente politique<\/h2>\n\n<p>Nous pouvons mettre \u00e0 jour la pr\u00e9sente politique de confidentialit\u00e9 de temps \u00e0 autre. Nous vous informerons de tout changement en publiant la nouvelle politique sur cette page et en mettant \u00e0 jour la date de la \u00ab\u00a0derni\u00e8re mise \u00e0 jour\u00a0\u00bb.<\/p>\n\n<h2 class=\"gb-headline gb-headline-47974165 gb-headline-text\">11. Contactez nous<\/h2>\n\n<p>Pour toute question ou pr\u00e9occupation concernant cette politique, ou pour acc\u00e9der \u00e0 vos donn\u00e9es personnelles, les mettre \u00e0 jour ou les supprimer, veuillez <strong>nous contacter<\/strong>.<\/p>\n","protected":false},"excerpt":{"rendered":"<p>Derni\u00e8re mise \u00e0 jour : Octobre 2023 1. Introduction Bienvenue \u00e0 Seal King. Votre vie priv\u00e9e est importante pour nous. La pr\u00e9sente politique de confidentialit\u00e9 vise \u00e0 vous informer sur les types d&rsquo;informations que nous recueillons, sur la mani\u00e8re dont nous utilisons, partageons et prot\u00e9geons ces informations et sur les choix que vous pouvez faire &#8230; <\/p>\n<p class=\"read-more-container\"><a title=\"Politique de confidentialit\u00e9\" class=\"read-more button\" href=\"https:\/\/sealking.ca\/fr\/politique-de-confidentialite\/#more-2391\" aria-label=\"En savoir plus sur Politique de confidentialit\u00e9\">Continue<\/a><\/p>\n","protected":false},"author":1,"featured_media":0,"parent":0,"menu_order":0,"comment_status":"closed","ping_status":"closed","template":"","meta":{"_acf_changed":false,"footnotes":""},"class_list":{"0":"post-2391","1":"page","2":"type-page","3":"status-publish","5":"infinite-scroll-item","6":"no-featured-image-padding"},"acf":[],"yoast_head":"<!-- This site is optimized with the Yoast SEO plugin v27.3 - https:\/\/yoast.com\/product\/yoast-seo-wordpress\/ -->\n<title>Politique de confidentialit\u00e9 - Seal King<\/title>\n<meta name=\"robots\" content=\"index, follow, max-snippet:-1, max-image-preview:large, max-video-preview:-1\" \/>\n<link rel=\"canonical\" href=\"https:\/\/sealking.ca\/fr\/politique-de-confidentialite\/\" \/>\n<meta property=\"og:locale\" content=\"fr_FR\" \/>\n<meta property=\"og:type\" content=\"article\" \/>\n<meta property=\"og:title\" content=\"Politique de confidentialit\u00e9 - Seal King\" \/>\n<meta property=\"og:description\" content=\"Derni\u00e8re mise \u00e0 jour : Octobre 2023 1. Introduction Bienvenue \u00e0 Seal King. Votre vie priv\u00e9e est importante pour nous. La pr\u00e9sente politique de confidentialit\u00e9 vise \u00e0 vous informer sur les types d&rsquo;informations que nous recueillons, sur la mani\u00e8re dont nous utilisons, partageons et prot\u00e9geons ces informations et sur les choix que vous pouvez faire ... Continue\" \/>\n<meta property=\"og:url\" content=\"https:\/\/sealking.ca\/fr\/politique-de-confidentialite\/\" \/>\n<meta property=\"og:site_name\" content=\"Seal King\" \/>\n<meta property=\"article:publisher\" content=\"https:\/\/www.facebook.com\/SealKingInc\" \/>\n<meta property=\"article:modified_time\" content=\"2024-08-13T23:00:03+00:00\" \/>\n<meta name=\"twitter:card\" content=\"summary_large_image\" \/>\n<meta name=\"twitter:site\" content=\"@SealKingInc\" \/>\n<meta name=\"twitter:label1\" content=\"Dur\u00e9e de lecture estim\u00e9e\" \/>\n\t<meta name=\"twitter:data1\" content=\"2 minutes\" \/>\n<script type=\"application\/ld+json\" class=\"yoast-schema-graph\">{\"@context\":\"https:\\\/\\\/schema.org\",\"@graph\":[{\"@type\":\"WebPage\",\"@id\":\"https:\\\/\\\/sealking.ca\\\/fr\\\/politique-de-confidentialite\\\/\",\"url\":\"https:\\\/\\\/sealking.ca\\\/fr\\\/politique-de-confidentialite\\\/\",\"name\":\"Politique de confidentialit\u00e9 - Seal King\",\"isPartOf\":{\"@id\":\"https:\\\/\\\/sealking.ca\\\/fr\\\/#website\"},\"datePublished\":\"2023-10-06T00:05:26+00:00\",\"dateModified\":\"2024-08-13T23:00:03+00:00\",\"breadcrumb\":{\"@id\":\"https:\\\/\\\/sealking.ca\\\/fr\\\/politique-de-confidentialite\\\/#breadcrumb\"},\"inLanguage\":\"fr-FR\",\"potentialAction\":[{\"@type\":\"ReadAction\",\"target\":[\"https:\\\/\\\/sealking.ca\\\/fr\\\/politique-de-confidentialite\\\/\"]}]},{\"@type\":\"BreadcrumbList\",\"@id\":\"https:\\\/\\\/sealking.ca\\\/fr\\\/politique-de-confidentialite\\\/#breadcrumb\",\"itemListElement\":[{\"@type\":\"ListItem\",\"position\":1,\"name\":\"Home\",\"item\":\"https:\\\/\\\/sealking.ca\\\/fr\\\/\"},{\"@type\":\"ListItem\",\"position\":2,\"name\":\"Politique de confidentialit\u00e9\"}]},{\"@type\":\"WebSite\",\"@id\":\"https:\\\/\\\/sealking.ca\\\/fr\\\/#website\",\"url\":\"https:\\\/\\\/sealking.ca\\\/fr\\\/\",\"name\":\"Seal King\",\"description\":\"Manufacturer of Paving Stone Sealer, Natural Stone Sealer, Concrete Sealer, Impressed Concrete Sealer, Asphalt Sealer, Wood Sealer, and Surface Cleaners.\",\"publisher\":{\"@id\":\"https:\\\/\\\/sealking.ca\\\/fr\\\/#organization\"},\"potentialAction\":[{\"@type\":\"SearchAction\",\"target\":{\"@type\":\"EntryPoint\",\"urlTemplate\":\"https:\\\/\\\/sealking.ca\\\/fr\\\/?s={search_term_string}\"},\"query-input\":{\"@type\":\"PropertyValueSpecification\",\"valueRequired\":true,\"valueName\":\"search_term_string\"}}],\"inLanguage\":\"fr-FR\"},{\"@type\":\"Organization\",\"@id\":\"https:\\\/\\\/sealking.ca\\\/fr\\\/#organization\",\"name\":\"Seal King\",\"url\":\"https:\\\/\\\/sealking.ca\\\/fr\\\/\",\"logo\":{\"@type\":\"ImageObject\",\"inLanguage\":\"fr-FR\",\"@id\":\"https:\\\/\\\/sealking.ca\\\/fr\\\/#\\\/schema\\\/logo\\\/image\\\/\",\"url\":\"https:\\\/\\\/sealking.ca\\\/wp-content\\\/uploads\\\/2022\\\/07\\\/sealking-logo.png\",\"contentUrl\":\"https:\\\/\\\/sealking.ca\\\/wp-content\\\/uploads\\\/2022\\\/07\\\/sealking-logo.png\",\"width\":326,\"height\":114,\"caption\":\"Seal King\"},\"image\":{\"@id\":\"https:\\\/\\\/sealking.ca\\\/fr\\\/#\\\/schema\\\/logo\\\/image\\\/\"},\"sameAs\":[\"https:\\\/\\\/www.facebook.com\\\/SealKingInc\",\"https:\\\/\\\/x.com\\\/SealKingInc\"]}]}<\/script>\n<!-- \/ Yoast SEO plugin. -->","yoast_head_json":{"title":"Politique de confidentialit\u00e9 - Seal King","robots":{"index":"index","follow":"follow","max-snippet":"max-snippet:-1","max-image-preview":"max-image-preview:large","max-video-preview":"max-video-preview:-1"},"canonical":"https:\/\/sealking.ca\/fr\/politique-de-confidentialite\/","og_locale":"fr_FR","og_type":"article","og_title":"Politique de confidentialit\u00e9 - Seal King","og_description":"Derni\u00e8re mise \u00e0 jour : Octobre 2023 1. Introduction Bienvenue \u00e0 Seal King. Votre vie priv\u00e9e est importante pour nous. La pr\u00e9sente politique de confidentialit\u00e9 vise \u00e0 vous informer sur les types d&rsquo;informations que nous recueillons, sur la mani\u00e8re dont nous utilisons, partageons et prot\u00e9geons ces informations et sur les choix que vous pouvez faire ... Continue","og_url":"https:\/\/sealking.ca\/fr\/politique-de-confidentialite\/","og_site_name":"Seal King","article_publisher":"https:\/\/www.facebook.com\/SealKingInc","article_modified_time":"2024-08-13T23:00:03+00:00","twitter_card":"summary_large_image","twitter_site":"@SealKingInc","twitter_misc":{"Dur\u00e9e de lecture estim\u00e9e":"2 minutes"},"schema":{"@context":"https:\/\/schema.org","@graph":[{"@type":"WebPage","@id":"https:\/\/sealking.ca\/fr\/politique-de-confidentialite\/","url":"https:\/\/sealking.ca\/fr\/politique-de-confidentialite\/","name":"Politique de confidentialit\u00e9 - Seal King","isPartOf":{"@id":"https:\/\/sealking.ca\/fr\/#website"},"datePublished":"2023-10-06T00:05:26+00:00","dateModified":"2024-08-13T23:00:03+00:00","breadcrumb":{"@id":"https:\/\/sealking.ca\/fr\/politique-de-confidentialite\/#breadcrumb"},"inLanguage":"fr-FR","potentialAction":[{"@type":"ReadAction","target":["https:\/\/sealking.ca\/fr\/politique-de-confidentialite\/"]}]},{"@type":"BreadcrumbList","@id":"https:\/\/sealking.ca\/fr\/politique-de-confidentialite\/#breadcrumb","itemListElement":[{"@type":"ListItem","position":1,"name":"Home","item":"https:\/\/sealking.ca\/fr\/"},{"@type":"ListItem","position":2,"name":"Politique de confidentialit\u00e9"}]},{"@type":"WebSite","@id":"https:\/\/sealking.ca\/fr\/#website","url":"https:\/\/sealking.ca\/fr\/","name":"Seal King","description":"Manufacturer of Paving Stone Sealer, Natural Stone Sealer, Concrete Sealer, Impressed Concrete Sealer, Asphalt Sealer, Wood Sealer, and Surface Cleaners.","publisher":{"@id":"https:\/\/sealking.ca\/fr\/#organization"},"potentialAction":[{"@type":"SearchAction","target":{"@type":"EntryPoint","urlTemplate":"https:\/\/sealking.ca\/fr\/?s={search_term_string}"},"query-input":{"@type":"PropertyValueSpecification","valueRequired":true,"valueName":"search_term_string"}}],"inLanguage":"fr-FR"},{"@type":"Organization","@id":"https:\/\/sealking.ca\/fr\/#organization","name":"Seal King","url":"https:\/\/sealking.ca\/fr\/","logo":{"@type":"ImageObject","inLanguage":"fr-FR","@id":"https:\/\/sealking.ca\/fr\/#\/schema\/logo\/image\/","url":"https:\/\/sealking.ca\/wp-content\/uploads\/2022\/07\/sealking-logo.png","contentUrl":"https:\/\/sealking.ca\/wp-content\/uploads\/2022\/07\/sealking-logo.png","width":326,"height":114,"caption":"Seal King"},"image":{"@id":"https:\/\/sealking.ca\/fr\/#\/schema\/logo\/image\/"},"sameAs":["https:\/\/www.facebook.com\/SealKingInc","https:\/\/x.com\/SealKingInc"]}]}},"_links":{"self":[{"href":"https:\/\/sealking.ca\/fr\/wp-json\/wp\/v2\/pages\/2391","targetHints":{"allow":["GET"]}}],"collection":[{"href":"https:\/\/sealking.ca\/fr\/wp-json\/wp\/v2\/pages"}],"about":[{"href":"https:\/\/sealking.ca\/fr\/wp-json\/wp\/v2\/types\/page"}],"author":[{"embeddable":true,"href":"https:\/\/sealking.ca\/fr\/wp-json\/wp\/v2\/users\/1"}],"replies":[{"embeddable":true,"href":"https:\/\/sealking.ca\/fr\/wp-json\/wp\/v2\/comments?post=2391"}],"version-history":[{"count":0,"href":"https:\/\/sealking.ca\/fr\/wp-json\/wp\/v2\/pages\/2391\/revisions"}],"wp:attachment":[{"href":"https:\/\/sealking.ca\/fr\/wp-json\/wp\/v2\/media?parent=2391"}],"curies":[{"name":"wp","href":"https:\/\/api.w.org\/{rel}","templated":true}]}}